{"id":23746,"date":"2022-11-01T08:42:53","date_gmt":"2022-11-01T07:42:53","guid":{"rendered":"https:\/\/test.flexado.com\/cookies\/"},"modified":"2022-12-01T14:02:43","modified_gmt":"2022-12-01T14:02:43","slug":"cookies","status":"publish","type":"page","link":"https:\/\/flexado.com\/us-es\/cookies\/","title":{"rendered":"Cookies"},"content":{"rendered":"\n\t\t<div id=\"fws_69d7e007992c7\"  data-column-margin=\"default\" data-midnight=\"dark\"  class=\"wpb_row vc_row-fluid vc_row vc_row-o-equal-height vc_row-flex vc_row-o-content-bottom  bottom_padding_tablet_70px bottom_padding_phone_0px\"  style=\"padding-top: 0px; padding-bottom: 100px; \"><div class=\"row-bg-wrap\" data-bg-animation=\"none\" data-bg-animation-delay=\"\" data-bg-overlay=\"false\"><div class=\"inner-wrap row-bg-layer\" ><div class=\"row-bg viewport-desktop\"  style=\"\"><\/div><\/div><\/div><div class=\"row_col_wrap_12 col span_12 dark left\">\n\t<div  class=\"vc_col-sm-6 wpb_column column_container vc_column_container col no-extra-padding inherit_tablet inherit_phone \"  data-padding-pos=\"all\" data-has-bg-color=\"false\" data-bg-color=\"\" data-bg-opacity=\"1\" data-animation=\"\" data-delay=\"0\" >\n\t\t<div class=\"vc_column-inner\" >\n\t\t\t<div class=\"wpb_wrapper\">\n\t\t\t\t\n<div class=\"wpb_text_column wpb_content_element \" >\n\t<div class=\"wpb_wrapper\">\n\t\t<div class=\"highlight-text\">Mmmm&#8230;<\/div>\n<h1>Cookies<\/h1>\n\t<\/div>\n<\/div>\n\n\n\n\n\t\t\t<\/div> \n\t\t<\/div>\n\t<\/div> \n\n\t<div  class=\"vc_col-sm-6 wpb_column column_container vc_column_container col no-extra-padding inherit_tablet inherit_phone \"  data-padding-pos=\"all\" data-has-bg-color=\"false\" data-bg-color=\"\" data-bg-opacity=\"1\" data-animation=\"\" data-delay=\"0\" >\n\t\t<div class=\"vc_column-inner\" >\n\t\t\t<div class=\"wpb_wrapper\">\n\t\t\t\t\n\t\t\t<\/div> \n\t\t<\/div>\n\t<\/div> \n<\/div><\/div>\n\t\t<div id=\"fws_69d7e00799bc6\"  data-column-margin=\"default\" data-midnight=\"dark\" data-nectar-animate-settings=\"{&quot;animations&quot;:{&quot;desktop&quot;:{&quot;clipPath&quot;:{&quot;start&quot;:&quot;inset(0 0px 0 0px round 0)&quot;,&quot;end&quot;:&quot;inset(0 50px 0 50px round 20px)&quot;}},&quot;tablet&quot;:{&quot;clipPath&quot;:{&quot;start&quot;:&quot;inset(0 0 0 0 round 0)&quot;,&quot;end&quot;:&quot;inset(0 0 0 0 round 0.1px)&quot;}},&quot;phone&quot;:{&quot;clipPath&quot;:{&quot;start&quot;:&quot;inset(0 0 0 0 round 0)&quot;,&quot;end&quot;:&quot;inset(0 0 0 0 round 0.1px)&quot;}}},&quot;offsets&quot;:{&quot;start&quot;:&quot;10.00&quot;,&quot;end&quot;:&quot;30.00&quot;,&quot;origin&quot;:&quot;bottom&quot;},&quot;config&quot;:{&quot;inner_selector&quot;:&quot;.row-bg-layer&quot;}}\"  class=\"wpb_row vc_row-fluid vc_row full-width-section  top_padding_tablet_70px top_padding_phone_50px bottom_padding_tablet_70px bottom_padding_phone_50px\"  style=\"padding-top: 100px; padding-bottom: 100px; \"><div class=\"row-bg-wrap\" data-bg-animation=\"clip-path\" data-bg-animation-delay=\"\" data-bg-overlay=\"false\"><div class=\"inner-wrap row-bg-layer\" style=\"background-color: #f7f7f7;\" ><div class=\"row-bg viewport-desktop using-bg-color\"  style=\"background-color: #f7f7f7; \"><\/div><\/div><\/div><div class=\"row_col_wrap_12 col span_12 dark left\">\n\t<div  class=\"vc_col-sm-12 wpb_column column_container vc_column_container col no-extra-padding inherit_tablet inherit_phone \"  data-padding-pos=\"all\" data-has-bg-color=\"false\" data-bg-color=\"\" data-bg-opacity=\"1\" data-animation=\"\" data-delay=\"0\" >\n\t\t<div class=\"vc_column-inner\" >\n\t\t\t<div class=\"wpb_wrapper\">\n\t\t\t\t<div id=\"fws_69d7e0079b835\" data-midnight=\"\" data-column-margin=\"default\" class=\"wpb_row vc_row-fluid vc_row inner_row\"  style=\"\"><div class=\"row-bg-wrap\"> <div class=\"row-bg\" ><\/div> <\/div><div class=\"row_col_wrap_12_inner col span_12  left\">\n\t<div  class=\"vc_col-sm-4 wpb_column column_container vc_column_container col child_column no-extra-padding inherit_tablet inherit_phone \"   data-padding-pos=\"all\" data-has-bg-color=\"false\" data-bg-color=\"\" data-bg-opacity=\"1\" data-animation=\"\" data-delay=\"0\" >\n\t\t<div class=\"vc_column-inner\" >\n\t\t<div class=\"wpb_wrapper\">\n\t\t\t\n<div class=\"wpb_text_column wpb_content_element \" >\n\t<div class=\"wpb_wrapper\">\n\t\t<h3>Google Analytics<\/h3>\n\t<\/div>\n<\/div>\n\n\n\n\n\t\t<\/div> \n\t<\/div>\n\t<\/div> \n\n\t<div  class=\"vc_col-sm-8 wpb_column column_container vc_column_container col child_column no-extra-padding inherit_tablet inherit_phone \"   data-padding-pos=\"all\" data-has-bg-color=\"false\" data-bg-color=\"\" data-bg-opacity=\"1\" data-animation=\"\" data-delay=\"0\" >\n\t\t<div class=\"vc_column-inner\" >\n\t\t<div class=\"wpb_wrapper\">\n\t\t\t\n<div class=\"wpb_text_column wpb_content_element \" >\n\t<div class=\"wpb_wrapper\">\n\t\t<p>Este sitio web utiliza Google Analytics, un servicio de an\u00e1lisis web que ofrece Google Inc. (\u00abGoogle\u00bb). Google Analytics utiliza \u00abcookies\u00bb (archivos de texto que se colocan en tu ordenador) para ayudar al sitio web a analizar c\u00f3mo se utiliza. La informaci\u00f3n generada sobre el uso del sitio web (incluyendo la direcci\u00f3n IP) se transmite a Google y se guarda en sus servidores de los Estados Unidos.<\/p>\n<p>Google utiliza esa informaci\u00f3n para seguir el uso del sitio web, para crear informes sobre la actividad en el sitio web para su propietario y para ofrecer otros servicios relacionados con la actividad del sitio y el uso de internet. Google puede facilitar esa informaci\u00f3n a terceros si viene obligada por ley, o en la medida en que esos terceros traten la informaci\u00f3n en nombre de Google. Google no combinar\u00e1 tu direcci\u00f3n IP con otros datos de los que disponga. Puedes rechazar el uso de cookies configurando tu navegador de la forma correspondiente.<\/p>\n<p>Te hacemos saber que, en ese caso, no podr\u00e1s utilizar todas las posibilidades del sitio web. Al usar este sitio web est\u00e1s autorizando a que Google trate esta informaci\u00f3n de la forma y con los objetivos descritos previamente. Puedes leer aqu\u00ed la forma en que Google utiliza los datos cuando usas aplicaciones de los socios de Google: www.google.com\/intl\/nl\/policies\/privacy\/partners.<\/p>\n\t<\/div>\n<\/div>\n\n\n\n\n\t\t<\/div> \n\t<\/div>\n\t<\/div> \n<\/div><\/div><div class=\"divider-wrap height_tablet_40px height_phone_20px \" data-alignment=\"default\"><div style=\"height: 60px;\" class=\"divider\"><\/div><\/div><div id=\"fws_69d7e0079c0a2\" data-midnight=\"\" data-column-margin=\"default\" class=\"wpb_row vc_row-fluid vc_row inner_row\"  style=\"\"><div class=\"row-bg-wrap\"> <div class=\"row-bg\" ><\/div> <\/div><div class=\"row_col_wrap_12_inner col span_12  left\">\n\t<div  class=\"vc_col-sm-4 wpb_column column_container vc_column_container col child_column no-extra-padding inherit_tablet inherit_phone \"   data-padding-pos=\"all\" data-has-bg-color=\"false\" data-bg-color=\"\" data-bg-opacity=\"1\" data-animation=\"\" data-delay=\"0\" >\n\t\t<div class=\"vc_column-inner\" >\n\t\t<div class=\"wpb_wrapper\">\n\t\t\t\n<div class=\"wpb_text_column wpb_content_element \" >\n\t<div class=\"wpb_wrapper\">\n\t\t<h3>Otras cookies<\/h3>\n\t<\/div>\n<\/div>\n\n\n\n\n\t\t<\/div> \n\t<\/div>\n\t<\/div> \n\n\t<div  class=\"vc_col-sm-8 wpb_column column_container vc_column_container col child_column no-extra-padding inherit_tablet inherit_phone \"   data-padding-pos=\"all\" data-has-bg-color=\"false\" data-bg-color=\"\" data-bg-opacity=\"1\" data-animation=\"\" data-delay=\"0\" >\n\t\t<div class=\"vc_column-inner\" >\n\t\t<div class=\"wpb_wrapper\">\n\t\t\t<div class=\"nectar-fancy-ul\" data-list-icon=\"dot\" data-animation=\"false\" data-animation-delay=\"0\" data-spacing=\"default\" data-alignment=\"left\"> Las cookies se utilizan para los siguientes fines:<\/p>\n<ul>\n<li>memorizar, por ejemplo, los nombres de usuario y contrase\u00f1a, para un uso eficiente del sitio web.<\/li>\n<li>analizar el uso de los sitios web<\/li>\n<li>recopilar los datos referidos a tu comportamiento durante la visita<\/li>\n<\/ul>\n<p>Puedes decidir si quieres aceptar o rechazar las cookies, o que tu navegador te informe cuando se coloca una cookie. Para eso tienes que adaptar la configuraci\u00f3n de tu navegador. Puedes ir a la funci\u00f3n de \u00abayuda\u00bb de tu navegador para establecer tus preferencias de cookies. <\/div>\n\t\t<\/div> \n\t<\/div>\n\t<\/div> \n<\/div><\/div><div class=\"divider-wrap height_tablet_40px height_phone_20px \" data-alignment=\"default\"><div style=\"height: 60px;\" class=\"divider\"><\/div><\/div><div id=\"fws_69d7e0079c6f6\" data-midnight=\"\" data-column-margin=\"default\" class=\"wpb_row vc_row-fluid vc_row inner_row\"  style=\"\"><div class=\"row-bg-wrap\"> <div class=\"row-bg\" ><\/div> <\/div><div class=\"row_col_wrap_12_inner col span_12  left\">\n\t<div style=\"\" class=\"vc_col-sm-12 wpb_column column_container vc_column_container col child_column padding-4-percent inherit_tablet inherit_phone \"  data-using-bg=\"true\" data-border-radius=\"15px\" data-padding-pos=\"all\" data-has-bg-color=\"true\" data-bg-color=\"#ffffff\" data-bg-opacity=\"1\" data-animation=\"\" data-delay=\"0\" >\n\t\t<div class=\"vc_column-inner\" ><div class=\"column-bg-overlay-wrap column-bg-layer\" data-bg-animation=\"none\"><div class=\"column-bg-overlay\" style=\"opacity: 1; background-color: #ffffff;\"><\/div><\/div>\n\t\t<div class=\"wpb_wrapper\">\n\t\t\t\n<div class=\"wpb_text_column wpb_content_element \" >\n\t<div class=\"wpb_wrapper\">\n\t\t<h4>Cookies utilizadas en una o varias p\u00e1ginas de este sitio web:<\/h4>\n\t<\/div>\n<\/div>\n\n\n\n\n<div class=\"wpb_text_column wpb_content_element \" >\n\t<div class=\"wpb_wrapper\">\n\t\t<p><span class=\"highlight-text\">Google Adwords<\/span> <span class=\"highlight-text\">Google Optimize<\/span> <span class=\"highlight-text\">Google Analytics<\/span> <span class=\"highlight-text\">Google Dynamic Remarketing<\/span> <span class=\"highlight-text\">Hotjar Analytics<\/span> <span class=\"highlight-text\">Zoho Analytics<\/span> <span class=\"highlight-text\">Zoho PageSens<\/span><\/p>\n\t<\/div>\n<\/div>\n\n\n\n\n\t\t<\/div> \n\t<\/div>\n\t<\/div> \n<\/div><\/div>\n\t\t\t<\/div> \n\t\t<\/div>\n\t<\/div> \n<\/div><\/div>\n\t\t<div id=\"fws_69d7e0079cd7a\"  data-column-margin=\"default\" data-midnight=\"dark\"  class=\"wpb_row vc_row-fluid vc_row\"  style=\"padding-top: 30px; padding-bottom: 0px; \"><div class=\"row-bg-wrap\" data-bg-animation=\"none\" data-bg-animation-delay=\"\" data-bg-overlay=\"false\"><div class=\"inner-wrap row-bg-layer\" ><div class=\"row-bg viewport-desktop\"  style=\"\"><\/div><\/div><\/div><div class=\"row_col_wrap_12 col span_12 dark left\">\n\t<div  class=\"vc_col-sm-12 wpb_column column_container vc_column_container col no-extra-padding inherit_tablet inherit_phone \"  data-padding-pos=\"all\" data-has-bg-color=\"false\" data-bg-color=\"\" data-bg-opacity=\"1\" data-animation=\"\" data-delay=\"0\" >\n\t\t<div class=\"vc_column-inner\" >\n\t\t\t<div class=\"wpb_wrapper\">\n\t\t\t\t\n\t\t\t<\/div> \n\t\t<\/div>\n\t<\/div> \n<\/div><\/div>\n"},"excerpt":{"rendered":"<p>[vc_row type=&#8221;in_container&#8221; full_screen_row_position=&#8221;middle&#8221; column_margin=&#8221;default&#8221; equal_height=&#8221;yes&#8221; content_placement=&#8221;bottom&#8221; column_direction=&#8221;default&#8221; column_direction_tablet=&#8221;default&#8221; column_direction_phone=&#8221;default&#8221; scene_position=&#8221;center&#8221; bottom_padding=&#8221;100&#8243; bottom_padding_tablet=&#8221;70&#8243; bottom_padding_phone=&#8221;0&#8243; text_color=&#8221;dark&#8221; text_align=&#8221;left&#8221; row_border_radius=&#8221;none&#8221; row_border_radius_applies=&#8221;bg&#8221; overflow=&#8221;visible&#8221; overlay_strength=&#8221;0.3&#8243; gradient_direction=&#8221;left_to_right&#8221; shape_divider_position=&#8221;bottom&#8221; bg_image_animation=&#8221;none&#8221; gradient_type=&#8221;default&#8221; shape_type=&#8221;&#8221;][vc_column column_padding=&#8221;no-extra-padding&#8221; column_padding_tablet=&#8221;inherit&#8221; column_padding_phone=&#8221;inherit&#8221; column_padding_position=&#8221;all&#8221; column_element_direction_desktop=&#8221;default&#8221; column_element_spacing=&#8221;default&#8221;&#8230;<\/p>\n","protected":false},"author":3,"featured_media":0,"parent":0,"menu_order":0,"comment_status":"closed","ping_status":"closed","template":"","meta":{"inline_featured_image":false,"footnotes":""},"class_list":["post-23746","page","type-page","status-publish"],"yoast_head":"<!-- This site is optimized with the Yoast SEO plugin v24.2 - https:\/\/yoast.com\/wordpress\/plugins\/seo\/ -->\n<title>Cookies - Flexado<\/title>\n<meta name=\"robots\" content=\"index, follow, max-snippet:-1, max-image-preview:large, max-video-preview:-1\" \/>\n<link rel=\"canonical\" href=\"https:\/\/flexado.com\/us-es\/cookies\/\" \/>\n<meta property=\"og:locale\" content=\"es_ES\" \/>\n<meta property=\"og:type\" content=\"article\" \/>\n<meta property=\"og:title\" content=\"Cookies - Flexado\" \/>\n<meta property=\"og:description\" content=\"[vc_row type=&#8221;in_container&#8221; full_screen_row_position=&#8221;middle&#8221; column_margin=&#8221;default&#8221; equal_height=&#8221;yes&#8221; content_placement=&#8221;bottom&#8221; column_direction=&#8221;default&#8221; column_direction_tablet=&#8221;default&#8221; column_direction_phone=&#8221;default&#8221; scene_position=&#8221;center&#8221; bottom_padding=&#8221;100&#8243; bottom_padding_tablet=&#8221;70&#8243; bottom_padding_phone=&#8221;0&#8243; text_color=&#8221;dark&#8221; text_align=&#8221;left&#8221; row_border_radius=&#8221;none&#8221; row_border_radius_applies=&#8221;bg&#8221; overflow=&#8221;visible&#8221; overlay_strength=&#8221;0.3&#8243; gradient_direction=&#8221;left_to_right&#8221; shape_divider_position=&#8221;bottom&#8221; bg_image_animation=&#8221;none&#8221; gradient_type=&#8221;default&#8221; shape_type=&#8221;&#8221;][vc_column column_padding=&#8221;no-extra-padding&#8221; column_padding_tablet=&#8221;inherit&#8221; column_padding_phone=&#8221;inherit&#8221; column_padding_position=&#8221;all&#8221; column_element_direction_desktop=&#8221;default&#8221; column_element_spacing=&#8221;default&#8221;...\" \/>\n<meta property=\"og:url\" content=\"https:\/\/flexado.com\/us-es\/cookies\/\" \/>\n<meta property=\"og:site_name\" content=\"Flexado\" \/>\n<meta property=\"article:modified_time\" content=\"2022-12-01T14:02:43+00:00\" \/>\n<meta name=\"twitter:card\" content=\"summary_large_image\" \/>\n<meta name=\"twitter:label1\" content=\"Est. reading time\" \/>\n\t<meta name=\"twitter:data1\" content=\"8 minutes\" \/>\n<script type=\"application\/ld+json\" class=\"yoast-schema-graph\">{\"@context\":\"https:\/\/schema.org\",\"@graph\":[{\"@type\":\"WebPage\",\"@id\":\"https:\/\/flexado.com\/us-es\/cookies\/\",\"url\":\"https:\/\/flexado.com\/us-es\/cookies\/\",\"name\":\"Cookies - Flexado\",\"isPartOf\":{\"@id\":\"https:\/\/flexado.com\/de\/#website\"},\"datePublished\":\"2022-11-01T07:42:53+00:00\",\"dateModified\":\"2022-12-01T14:02:43+00:00\",\"breadcrumb\":{\"@id\":\"https:\/\/flexado.com\/us-es\/cookies\/#breadcrumb\"},\"inLanguage\":\"es-US\",\"potentialAction\":[{\"@type\":\"ReadAction\",\"target\":[\"https:\/\/flexado.com\/us-es\/cookies\/\"]}]},{\"@type\":\"BreadcrumbList\",\"@id\":\"https:\/\/flexado.com\/us-es\/cookies\/#breadcrumb\",\"itemListElement\":[{\"@type\":\"ListItem\",\"position\":1,\"name\":\"Home\",\"item\":\"https:\/\/flexado.com\/us-es\/concepto-de-hogar\/\"},{\"@type\":\"ListItem\",\"position\":2,\"name\":\"Cookies\"}]},{\"@type\":\"WebSite\",\"@id\":\"https:\/\/flexado.com\/de\/#website\",\"url\":\"https:\/\/flexado.com\/de\/\",\"name\":\"Flexado\",\"description\":\"Freedom of Choice. Any Time, Any Place, Anywhere\",\"potentialAction\":[{\"@type\":\"SearchAction\",\"target\":{\"@type\":\"EntryPoint\",\"urlTemplate\":\"https:\/\/flexado.com\/de\/?s={search_term_string}\"},\"query-input\":{\"@type\":\"PropertyValueSpecification\",\"valueRequired\":true,\"valueName\":\"search_term_string\"}}],\"inLanguage\":\"es-US\"}]}<\/script>\n<!-- \/ Yoast SEO plugin. -->","yoast_head_json":{"title":"Cookies - Flexado","robots":{"index":"index","follow":"follow","max-snippet":"max-snippet:-1","max-image-preview":"max-image-preview:large","max-video-preview":"max-video-preview:-1"},"canonical":"https:\/\/flexado.com\/us-es\/cookies\/","og_locale":"es_ES","og_type":"article","og_title":"Cookies - Flexado","og_description":"[vc_row type=&#8221;in_container&#8221; full_screen_row_position=&#8221;middle&#8221; column_margin=&#8221;default&#8221; equal_height=&#8221;yes&#8221; content_placement=&#8221;bottom&#8221; column_direction=&#8221;default&#8221; column_direction_tablet=&#8221;default&#8221; column_direction_phone=&#8221;default&#8221; scene_position=&#8221;center&#8221; bottom_padding=&#8221;100&#8243; bottom_padding_tablet=&#8221;70&#8243; bottom_padding_phone=&#8221;0&#8243; text_color=&#8221;dark&#8221; text_align=&#8221;left&#8221; row_border_radius=&#8221;none&#8221; row_border_radius_applies=&#8221;bg&#8221; overflow=&#8221;visible&#8221; overlay_strength=&#8221;0.3&#8243; gradient_direction=&#8221;left_to_right&#8221; shape_divider_position=&#8221;bottom&#8221; bg_image_animation=&#8221;none&#8221; gradient_type=&#8221;default&#8221; shape_type=&#8221;&#8221;][vc_column column_padding=&#8221;no-extra-padding&#8221; column_padding_tablet=&#8221;inherit&#8221; column_padding_phone=&#8221;inherit&#8221; column_padding_position=&#8221;all&#8221; column_element_direction_desktop=&#8221;default&#8221; column_element_spacing=&#8221;default&#8221;...","og_url":"https:\/\/flexado.com\/us-es\/cookies\/","og_site_name":"Flexado","article_modified_time":"2022-12-01T14:02:43+00:00","twitter_card":"summary_large_image","twitter_misc":{"Est. reading time":"8 minutes"},"schema":{"@context":"https:\/\/schema.org","@graph":[{"@type":"WebPage","@id":"https:\/\/flexado.com\/us-es\/cookies\/","url":"https:\/\/flexado.com\/us-es\/cookies\/","name":"Cookies - Flexado","isPartOf":{"@id":"https:\/\/flexado.com\/de\/#website"},"datePublished":"2022-11-01T07:42:53+00:00","dateModified":"2022-12-01T14:02:43+00:00","breadcrumb":{"@id":"https:\/\/flexado.com\/us-es\/cookies\/#breadcrumb"},"inLanguage":"es-US","potentialAction":[{"@type":"ReadAction","target":["https:\/\/flexado.com\/us-es\/cookies\/"]}]},{"@type":"BreadcrumbList","@id":"https:\/\/flexado.com\/us-es\/cookies\/#breadcrumb","itemListElement":[{"@type":"ListItem","position":1,"name":"Home","item":"https:\/\/flexado.com\/us-es\/concepto-de-hogar\/"},{"@type":"ListItem","position":2,"name":"Cookies"}]},{"@type":"WebSite","@id":"https:\/\/flexado.com\/de\/#website","url":"https:\/\/flexado.com\/de\/","name":"Flexado","description":"Freedom of Choice. Any Time, Any Place, Anywhere","potentialAction":[{"@type":"SearchAction","target":{"@type":"EntryPoint","urlTemplate":"https:\/\/flexado.com\/de\/?s={search_term_string}"},"query-input":{"@type":"PropertyValueSpecification","valueRequired":true,"valueName":"search_term_string"}}],"inLanguage":"es-US"}]}},"_links":{"self":[{"href":"https:\/\/flexado.com\/us-es\/wp-json\/wp\/v2\/pages\/23746","targetHints":{"allow":["GET"]}}],"collection":[{"href":"https:\/\/flexado.com\/us-es\/wp-json\/wp\/v2\/pages"}],"about":[{"href":"https:\/\/flexado.com\/us-es\/wp-json\/wp\/v2\/types\/page"}],"author":[{"embeddable":true,"href":"https:\/\/flexado.com\/us-es\/wp-json\/wp\/v2\/users\/3"}],"replies":[{"embeddable":true,"href":"https:\/\/flexado.com\/us-es\/wp-json\/wp\/v2\/comments?post=23746"}],"version-history":[{"count":1,"href":"https:\/\/flexado.com\/us-es\/wp-json\/wp\/v2\/pages\/23746\/revisions"}],"predecessor-version":[{"id":23747,"href":"https:\/\/flexado.com\/us-es\/wp-json\/wp\/v2\/pages\/23746\/revisions\/23747"}],"wp:attachment":[{"href":"https:\/\/flexado.com\/us-es\/wp-json\/wp\/v2\/media?parent=23746"}],"curies":[{"name":"wp","href":"https:\/\/api.w.org\/{rel}","templated":true}]}}