{"id":23675,"date":"2022-10-28T07:52:27","date_gmt":"2022-10-28T05:52:27","guid":{"rendered":"https:\/\/test.flexado.com\/documentos\/"},"modified":"2026-01-05T11:45:20","modified_gmt":"2026-01-05T10:45:20","slug":"documentos","status":"publish","type":"page","link":"https:\/\/flexado.com\/us-es\/documentos\/","title":{"rendered":"Documentos"},"content":{"rendered":"\n\t\t<div id=\"fws_69d7dc3fe2b91\"  data-column-margin=\"default\" data-midnight=\"dark\"  class=\"wpb_row vc_row-fluid vc_row full-width-section bg-top-rounded top_padding_tablet_60px top_padding_phone_50px bottom_padding_tablet_60px bottom_padding_phone_50px\"  style=\"padding-top: 70px; padding-bottom: 70px; \"><div class=\"row-bg-wrap\" data-bg-animation=\"none\" data-bg-animation-delay=\"\" data-bg-overlay=\"true\"><div class=\"inner-wrap row-bg-layer\" ><div class=\"row-bg viewport-desktop\"  style=\"\"><\/div><\/div><div class=\"row-bg-overlay row-bg-layer\" style=\"background: linear-gradient(to bottom,#f9f5f3 0%,rgba(255,255,255,0.001) 75%);  opacity: 1; \"><\/div><\/div><div class=\"row_col_wrap_12 col span_12 dark left\">\n\t<div  class=\"vc_col-sm-12 wpb_column column_container vc_column_container col no-extra-padding inherit_tablet inherit_phone \"  data-padding-pos=\"all\" data-has-bg-color=\"false\" data-bg-color=\"\" data-bg-opacity=\"1\" data-animation=\"\" data-delay=\"0\" >\n\t\t<div class=\"vc_column-inner\" >\n\t\t\t<div class=\"wpb_wrapper\">\n\t\t\t\t<div id=\"fws_69d7dc3fe4a6e\" data-midnight=\"\" data-column-margin=\"default\" class=\"wpb_row vc_row-fluid vc_row inner_row vc_row-o-equal-height vc_row-flex vc_row-o-content-bottom\"  style=\"padding-bottom: 50px; \"><div class=\"row-bg-wrap\"> <div class=\"row-bg\" ><\/div> <\/div><div class=\"row_col_wrap_12_inner col span_12  left\">\n\t<div  class=\"vc_col-sm-3\/5 wpb_column column_container vc_column_container col child_column no-extra-padding inherit_tablet inherit_phone \"   data-padding-pos=\"all\" data-has-bg-color=\"false\" data-bg-color=\"\" data-bg-opacity=\"1\" data-animation=\"\" data-delay=\"0\" >\n\t\t<div class=\"vc_column-inner\" >\n\t\t<div class=\"wpb_wrapper\">\n\t\t\t\n\t<div class=\"wpb_raw_code wpb_raw_html wpb_content_element\" >\n\t\t<div class=\"wpb_wrapper\">\n\t\t\t<div class=\"office-label\">Descargas<\/div>\n\t\t<\/div>\n\t<\/div>\n<h1 style=\"font-size: 78px;line-height: 100%;text-align: left\" class=\"vc_custom_heading vc_do_custom_heading\" >Lo hemos recopilado todo para ti<\/h1>\n\t\t<\/div> \n\t<\/div>\n\t<\/div> \n\n\t<div  class=\"vc_col-sm-2\/5 wpb_column column_container vc_column_container col child_column no-extra-padding inherit_tablet inherit_phone \"   data-padding-pos=\"all\" data-has-bg-color=\"false\" data-bg-color=\"\" data-bg-opacity=\"1\" data-animation=\"\" data-delay=\"0\" >\n\t\t<div class=\"vc_column-inner\" >\n\t\t<div class=\"wpb_wrapper\">\n\t\t\t\n<div class=\"wpb_text_column wpb_content_element  intro-txt\" >\n\t<div class=\"wpb_wrapper\">\n\t\t<p>A trav\u00e9s de esta p\u00e1gina puedes consultar y descargar f\u00e1cilmente nuestras condiciones y otros documentos importantes. \u00bfTienes alguna pregunta sobre alguno de estos documentos o condiciones?  Si es as\u00ed, no dude en ponerse en contacto con nosotros.<\/p>\n\t<\/div>\n<\/div>\n\n\n\n\n\t\t<\/div> \n\t<\/div>\n\t<\/div> \n<\/div><\/div>\n\t\t\t<\/div> \n\t\t<\/div>\n\t<\/div> \n<\/div><\/div>\n\t\t<div id=\"fws_69d7dc3fe55fd\"  data-column-margin=\"default\" data-midnight=\"dark\"  class=\"wpb_row vc_row-fluid vc_row full-width-section  bottom_padding_tablet_100px bottom_padding_phone_50px\"  style=\"padding-top: 0px; padding-bottom: 150px; \"><div class=\"row-bg-wrap\" data-bg-animation=\"none\" data-bg-animation-delay=\"\" data-bg-overlay=\"false\"><div class=\"inner-wrap row-bg-layer\" ><div class=\"row-bg viewport-desktop\"  style=\"\"><\/div><\/div><\/div><div class=\"row_col_wrap_12 col span_12 dark left\">\n\t<div  class=\"vc_col-sm-12 wpb_column column_container vc_column_container col no-extra-padding inherit_tablet inherit_phone \"  data-padding-pos=\"all\" data-has-bg-color=\"false\" data-bg-color=\"\" data-bg-opacity=\"1\" data-animation=\"\" data-delay=\"0\" >\n\t\t<div class=\"vc_column-inner\" >\n\t\t\t<div class=\"wpb_wrapper\">\n\t\t\t\t<div id=\"fws_69d7dc3fe591a\" data-midnight=\"\" data-column-margin=\"20px\" class=\"wpb_row vc_row-fluid vc_row inner_row\"  style=\"\"><div class=\"row-bg-wrap\"> <div class=\"row-bg\" ><\/div> <\/div><div class=\"row_col_wrap_12_inner col span_12  left\">\n\t<div  class=\"vc_col-sm-4 wpb_column column_container vc_column_container col child_column no-extra-padding inherit_tablet inherit_phone \"   data-padding-pos=\"all\" data-has-bg-color=\"false\" data-bg-color=\"\" data-bg-opacity=\"1\" data-animation=\"\" data-delay=\"0\" >\n\t\t<div class=\"vc_column-inner\" >\n\t\t<div class=\"wpb_wrapper\">\n\t\t\t\n\t<div class=\"wpb_raw_code wpb_raw_html wpb_content_element\" >\n\t\t<div class=\"wpb_wrapper\">\n\t\t\t<a target=\"_blank\" href=\"https:\/\/documents.flexado.com\/wp-content\/uploads\/sites\/6\/2025\/08\/Flexado-Algemene-Voorwaarden-2025.1.3-NL.pdf\" class=\"download-item\">\n<img decoding=\"async\" src=\"\/wp-content\/uploads\/2025\/08\/FLX-bg-documents-4.jpg\">\n<div class=\"item-content\">\n<span class=\"item-txt\">Condiciones Generales<br><i>Flexado B.V.<\/i><\/span>\n<span class=\"item-go-circle\"><\/span>\n<\/div>\n<\/a>\n\t\t<\/div>\n\t<\/div>\n\n\t\t<\/div> \n\t<\/div>\n\t<\/div> \n\n\t<div  class=\"vc_col-sm-4 wpb_column column_container vc_column_container col child_column no-extra-padding inherit_tablet inherit_phone \"   data-padding-pos=\"all\" data-has-bg-color=\"false\" data-bg-color=\"\" data-bg-opacity=\"1\" data-animation=\"\" data-delay=\"0\" >\n\t\t<div class=\"vc_column-inner\" >\n\t\t<div class=\"wpb_wrapper\">\n\t\t\t\n\t<div class=\"wpb_raw_code wpb_raw_html wpb_content_element\" >\n\t\t<div class=\"wpb_wrapper\">\n\t\t\t<a target=\"_blank\" href=\"https:\/\/documents.flexado.com\/wp-content\/uploads\/sites\/6\/2025\/02\/Flexado-Privacybeleid-2025-NL.pdf\" class=\"download-item\">\n<img decoding=\"async\" src=\"\/wp-content\/uploads\/2025\/08\/FLX-bg-documents-3.jpg\">\n<div class=\"item-content\">\n<span class=\"item-txt\">Pol\u00edtica de privacidad<br><i>Flexado B.V.<\/i><\/span>\n<span class=\"item-go-circle\"><\/span>\n<\/div>\n<\/a>\n\t\t<\/div>\n\t<\/div>\n\n\t\t<\/div> \n\t<\/div>\n\t<\/div> \n\n\t<div  class=\"vc_col-sm-4 wpb_column column_container vc_column_container col child_column no-extra-padding inherit_tablet inherit_phone \"   data-padding-pos=\"all\" data-has-bg-color=\"false\" data-bg-color=\"\" data-bg-opacity=\"1\" data-animation=\"\" data-delay=\"0\" >\n\t\t<div class=\"vc_column-inner\" >\n\t\t<div class=\"wpb_wrapper\">\n\t\t\t\n\t<div class=\"wpb_raw_code wpb_raw_html wpb_content_element\" >\n\t\t<div class=\"wpb_wrapper\">\n\t\t\t<a target=\"_blank\" href=\"https:\/\/flexado.com\/wp-content\/uploads\/2023\/01\/Belkosten-internationaal-Flexado-telecom-1.pdf\" class=\"download-item\">\n<img decoding=\"async\" src=\"\/wp-content\/uploads\/2025\/08\/FLX-bg-documents-5.jpg\">\n<div class=\"item-content\">\n<span class=\"item-txt\">Costes de llamadas internacionales<br><i>Flexado telecom<\/i><\/span>\n<span class=\"item-go-circle\"><\/span>\n<\/div>\n<\/a>\n\t\t<\/div>\n\t<\/div>\n\n\t\t<\/div> \n\t<\/div>\n\t<\/div> \n<\/div><\/div><div id=\"fws_69d7dc3fe6185\" data-midnight=\"\" data-column-margin=\"20px\" class=\"wpb_row vc_row-fluid vc_row inner_row\"  style=\"\"><div class=\"row-bg-wrap\"> <div class=\"row-bg\" ><\/div> <\/div><div class=\"row_col_wrap_12_inner col span_12  left\">\n\t<div  class=\"vc_col-sm-4 wpb_column column_container vc_column_container col child_column no-extra-padding inherit_tablet inherit_phone \"   data-padding-pos=\"all\" data-has-bg-color=\"false\" data-bg-color=\"\" data-bg-opacity=\"1\" data-animation=\"\" data-delay=\"0\" >\n\t\t<div class=\"vc_column-inner\" >\n\t\t<div class=\"wpb_wrapper\">\n\t\t\t\n\t<div class=\"wpb_raw_code wpb_raw_html wpb_content_element\" >\n\t\t<div class=\"wpb_wrapper\">\n\t\t\t<a target=\"_blank\" href=\"https:\/\/flexado.com\/wp-content\/uploads\/2022\/11\/UBO-form-Flexado-EN.pdf\" class=\"download-item\">\n<img decoding=\"async\" src=\"\/wp-content\/uploads\/2025\/08\/FLX-bg-documents-8.jpg\">\n<div class=\"item-content\">\n<span class=\"item-txt\">Formulario de Titular Real<br><i>Flexado B.V.<\/i><\/span>\n<span class=\"item-go-circle\"><\/span>\n<\/div>\n<\/a>\n\t\t<\/div>\n\t<\/div>\n\n\t\t<\/div> \n\t<\/div>\n\t<\/div> \n\n\t<div  class=\"vc_col-sm-4 wpb_column column_container vc_column_container col child_column no-extra-padding inherit_tablet inherit_phone \"   data-padding-pos=\"all\" data-has-bg-color=\"false\" data-bg-color=\"\" data-bg-opacity=\"1\" data-animation=\"\" data-delay=\"0\" >\n\t\t<div class=\"vc_column-inner\" >\n\t\t<div class=\"wpb_wrapper\">\n\t\t\t\n\t<div class=\"wpb_raw_code wpb_raw_html wpb_content_element\" >\n\t\t<div class=\"wpb_wrapper\">\n\t\t\t<a target=\"_blank\" href=\"\/wp-content\/uploads\/2026\/01\/FLX-AML-documentation-2026.pdf\" class=\"download-item\">\n<img decoding=\"async\" src=\"\/wp-content\/uploads\/2025\/08\/FLX-bg-documents-9.jpg\">\n<div class=\"item-content\">\n<span class=\"item-txt\">AML: Informaci\u00f3n requerida<br><i>Descargar<\/i><\/span>\n<span class=\"item-go-circle\"><\/span>\n<\/div>\n<\/a>\n\t\t<\/div>\n\t<\/div>\n\n\t\t<\/div> \n\t<\/div>\n\t<\/div> \n\n\t<div  class=\"vc_col-sm-4 wpb_column column_container vc_column_container col child_column no-extra-padding inherit_tablet inherit_phone \"   data-padding-pos=\"all\" data-has-bg-color=\"false\" data-bg-color=\"\" data-bg-opacity=\"1\" data-animation=\"\" data-delay=\"0\" >\n\t\t<div class=\"vc_column-inner\" >\n\t\t<div class=\"wpb_wrapper\">\n\t\t\t\n\t\t<\/div> \n\t<\/div>\n\t<\/div> \n<\/div><\/div>\n\t\t\t<\/div> \n\t\t<\/div>\n\t<\/div> \n<\/div><\/div>\n\t\t<div id=\"fws_69d7dc3fe6b1d\"  data-column-margin=\"default\" data-midnight=\"light\"  class=\"wpb_row vc_row-fluid vc_row full-width-section bg-top-rounded top_padding_tablet_70px top_padding_phone_25px bottom_padding_tablet_70px bottom_padding_phone_25px\"  style=\"padding-top: 100px; padding-bottom: 100px; \"><div class=\"row-bg-wrap\" data-bg-animation=\"none\" data-bg-animation-delay=\"\" data-bg-overlay=\"true\"><div class=\"inner-wrap row-bg-layer\" ><div class=\"row-bg viewport-desktop\"  style=\"\"><\/div><\/div><div class=\"row-bg-overlay row-bg-layer\" style=\"background-color:#f8f4f2;  opacity: 1; \"><\/div><\/div><div class=\"row_col_wrap_12 col span_12 light left\">\n\t<div  class=\"vc_col-sm-12 wpb_column column_container vc_column_container col no-extra-padding inherit_tablet inherit_phone \"  data-padding-pos=\"all\" data-has-bg-color=\"false\" data-bg-color=\"\" data-bg-opacity=\"1\" data-animation=\"\" data-delay=\"0\" >\n\t\t<div class=\"vc_column-inner\" >\n\t\t\t<div class=\"wpb_wrapper\">\n\t\t\t\t<div id=\"fws_69d7dc3fe6e7a\" data-midnight=\"\" data-column-margin=\"default\" class=\"wpb_row vc_row-fluid vc_row inner_row vc_row-o-equal-height vc_row-flex vc_row-o-content-middle\"  style=\"\"><div class=\"row-bg-wrap\"> <div class=\"row-bg\" ><\/div> <\/div><div class=\"row_col_wrap_12_inner col span_12  left\">\n\t<div style=\" color: #b7a7a1;\" class=\"vc_col-sm-8 row-header wpb_column column_container vc_column_container col child_column no-extra-padding inherit_tablet padding-1-percent_phone \" data-cfc=\"true\"  data-padding-pos=\"all\" data-has-bg-color=\"false\" data-bg-color=\"\" data-bg-opacity=\"1\" data-animation=\"\" data-delay=\"0\" >\n\t\t<div class=\"vc_column-inner\" >\n\t\t<div class=\"wpb_wrapper\">\n\t\t\t\n<div class=\"wpb_text_column wpb_content_element \" >\n\t<div class=\"wpb_wrapper\">\n\t\t<h2>\u00a1Nos encanta facilitar tu \u00e9xito! \u00bfListo para empezar?<\/h2>\n\t<\/div>\n<\/div>\n\n\n\n\n\t<div class=\"wpb_raw_code wpb_raw_html wpb_content_element\" >\n\t\t<div class=\"wpb_wrapper\">\n\t\t\t<div class=\"header-google-col\">\n<div class=\"header-google-item\">\n<img decoding=\"async\" src=\"\/wp-content\/uploads\/sites\/2\/2023\/12\/Flexado-google-icon-logo.svg\">\n<span class=\"SP-text\">4,7 de valoraci\u00f3n \u2014 m\u00e1s de 20.000 clientes atendidos<\/span>\n<\/div>\n<\/div>\n\t\t<\/div>\n\t<\/div>\n\n\t\t<\/div> \n\t<\/div>\n\t<\/div> \n\n\t<div  class=\"vc_col-sm-4 wpb_column column_container vc_column_container col child_column no-extra-padding force-desktop-text-align-right force-tablet-text-align-left force-phone-text-align-left inherit_tablet inherit_phone \"   data-padding-pos=\"all\" data-has-bg-color=\"false\" data-bg-color=\"\" data-bg-opacity=\"1\" data-animation=\"\" data-delay=\"0\" >\n\t\t<div class=\"vc_column-inner\" >\n\t\t<div class=\"wpb_wrapper\">\n\t\t\t\n\t<div class=\"wpb_raw_code wpb_raw_html wpb_content_element\" >\n\t\t<div class=\"wpb_wrapper\">\n\t\t\t<a href=\"https:\/\/checkout.flexado.com\/us-es\" class=\"CTA-btn-arrow\">\n<div class=\"btn-txt\">Comp\u00f3n juntos<\/div>\n<div class=\"btn-arrow\"><\/div>\n<\/a>\n\t\t<\/div>\n\t<\/div>\n\n\t\t<\/div> \n\t<\/div>\n\t<\/div> \n<\/div><\/div>\n\t\t\t<\/div> \n\t\t<\/div>\n\t<\/div> \n<\/div><\/div>\n"},"excerpt":{"rendered":"<p>[vc_row type=&#8221;full_width_background&#8221; full_screen_row_position=&#8221;middle&#8221; column_margin=&#8221;default&#8221; column_direction=&#8221;default&#8221; column_direction_tablet=&#8221;default&#8221; column_direction_phone=&#8221;default&#8221; scene_position=&#8221;center&#8221; top_padding=&#8221;70&#8243; constrain_group_1=&#8221;yes&#8221; bottom_padding=&#8221;70&#8243; top_padding_tablet=&#8221;60&#8243; constrain_group_3=&#8221;yes&#8221; bottom_padding_tablet=&#8221;60&#8243; top_padding_phone=&#8221;50&#8243; bottom_padding_phone=&#8221;50&#8243; text_color=&#8221;dark&#8221; text_align=&#8221;left&#8221; row_border_radius=&#8221;none&#8221; row_border_radius_applies=&#8221;bg&#8221; overflow=&#8221;visible&#8221; class=&#8221;bg-top-rounded&#8221; enable_gradient=&#8221;true&#8221; color_overlay=&#8221;#f9f5f3&#8243; overlay_strength=&#8221;1&#8243; gradient_direction=&#8221;top_to_bottom&#8221; shape_divider_position=&#8221;bottom&#8221; bg_image_animation=&#8221;none&#8221; gradient_type=&#8221;default&#8221; shape_type=&#8221;&#8221;][vc_column&#8230;<\/p>\n","protected":false},"author":3,"featured_media":0,"parent":0,"menu_order":0,"comment_status":"closed","ping_status":"closed","template":"","meta":{"inline_featured_image":false,"footnotes":""},"class_list":["post-23675","page","type-page","status-publish"],"yoast_head":"<!-- This site is optimized with the Yoast SEO plugin v24.2 - https:\/\/yoast.com\/wordpress\/plugins\/seo\/ -->\n<title>Documentos y condiciones importantes | Flexado<\/title>\n<meta name=\"description\" content=\"Consulta y descarga las condiciones generales de Flexado y otros documentos importantes. Todo lo que necesitas, c\u00f3modamente en un solo lugar.\" \/>\n<meta name=\"robots\" content=\"index, follow, max-snippet:-1, max-image-preview:large, max-video-preview:-1\" \/>\n<link rel=\"canonical\" href=\"https:\/\/flexado.com\/us-es\/documentos\/\" \/>\n<meta property=\"og:locale\" content=\"es_ES\" \/>\n<meta property=\"og:type\" content=\"article\" \/>\n<meta property=\"og:title\" content=\"Documentos y condiciones importantes | Flexado\" \/>\n<meta property=\"og:description\" content=\"Consulta y descarga las condiciones generales de Flexado y otros documentos importantes. Todo lo que necesitas, c\u00f3modamente en un solo lugar.\" \/>\n<meta property=\"og:url\" content=\"https:\/\/flexado.com\/us-es\/documentos\/\" \/>\n<meta property=\"og:site_name\" content=\"Flexado\" \/>\n<meta property=\"article:modified_time\" content=\"2026-01-05T10:45:20+00:00\" \/>\n<meta name=\"twitter:card\" content=\"summary_large_image\" \/>\n<meta name=\"twitter:label1\" content=\"Est. reading time\" \/>\n\t<meta name=\"twitter:data1\" content=\"4 minutes\" \/>\n<script type=\"application\/ld+json\" class=\"yoast-schema-graph\">{\"@context\":\"https:\/\/schema.org\",\"@graph\":[{\"@type\":\"WebPage\",\"@id\":\"https:\/\/flexado.com\/us-es\/documentos\/\",\"url\":\"https:\/\/flexado.com\/us-es\/documentos\/\",\"name\":\"Documentos y condiciones importantes | Flexado\",\"isPartOf\":{\"@id\":\"https:\/\/flexado.com\/de\/#website\"},\"datePublished\":\"2022-10-28T05:52:27+00:00\",\"dateModified\":\"2026-01-05T10:45:20+00:00\",\"description\":\"Consulta y descarga las condiciones generales de Flexado y otros documentos importantes. Todo lo que necesitas, c\u00f3modamente en un solo lugar.\",\"breadcrumb\":{\"@id\":\"https:\/\/flexado.com\/us-es\/documentos\/#breadcrumb\"},\"inLanguage\":\"es-US\",\"potentialAction\":[{\"@type\":\"ReadAction\",\"target\":[\"https:\/\/flexado.com\/us-es\/documentos\/\"]}]},{\"@type\":\"BreadcrumbList\",\"@id\":\"https:\/\/flexado.com\/us-es\/documentos\/#breadcrumb\",\"itemListElement\":[{\"@type\":\"ListItem\",\"position\":1,\"name\":\"Home\",\"item\":\"https:\/\/flexado.com\/us-es\/concepto-de-hogar\/\"},{\"@type\":\"ListItem\",\"position\":2,\"name\":\"Documentos\"}]},{\"@type\":\"WebSite\",\"@id\":\"https:\/\/flexado.com\/de\/#website\",\"url\":\"https:\/\/flexado.com\/de\/\",\"name\":\"Flexado\",\"description\":\"Freedom of Choice. Any Time, Any Place, Anywhere\",\"potentialAction\":[{\"@type\":\"SearchAction\",\"target\":{\"@type\":\"EntryPoint\",\"urlTemplate\":\"https:\/\/flexado.com\/de\/?s={search_term_string}\"},\"query-input\":{\"@type\":\"PropertyValueSpecification\",\"valueRequired\":true,\"valueName\":\"search_term_string\"}}],\"inLanguage\":\"es-US\"}]}<\/script>\n<!-- \/ Yoast SEO plugin. -->","yoast_head_json":{"title":"Documentos y condiciones importantes | Flexado","description":"Consulta y descarga las condiciones generales de Flexado y otros documentos importantes. Todo lo que necesitas, c\u00f3modamente en un solo lugar.","robots":{"index":"index","follow":"follow","max-snippet":"max-snippet:-1","max-image-preview":"max-image-preview:large","max-video-preview":"max-video-preview:-1"},"canonical":"https:\/\/flexado.com\/us-es\/documentos\/","og_locale":"es_ES","og_type":"article","og_title":"Documentos y condiciones importantes | Flexado","og_description":"Consulta y descarga las condiciones generales de Flexado y otros documentos importantes. Todo lo que necesitas, c\u00f3modamente en un solo lugar.","og_url":"https:\/\/flexado.com\/us-es\/documentos\/","og_site_name":"Flexado","article_modified_time":"2026-01-05T10:45:20+00:00","twitter_card":"summary_large_image","twitter_misc":{"Est. reading time":"4 minutes"},"schema":{"@context":"https:\/\/schema.org","@graph":[{"@type":"WebPage","@id":"https:\/\/flexado.com\/us-es\/documentos\/","url":"https:\/\/flexado.com\/us-es\/documentos\/","name":"Documentos y condiciones importantes | Flexado","isPartOf":{"@id":"https:\/\/flexado.com\/de\/#website"},"datePublished":"2022-10-28T05:52:27+00:00","dateModified":"2026-01-05T10:45:20+00:00","description":"Consulta y descarga las condiciones generales de Flexado y otros documentos importantes. Todo lo que necesitas, c\u00f3modamente en un solo lugar.","breadcrumb":{"@id":"https:\/\/flexado.com\/us-es\/documentos\/#breadcrumb"},"inLanguage":"es-US","potentialAction":[{"@type":"ReadAction","target":["https:\/\/flexado.com\/us-es\/documentos\/"]}]},{"@type":"BreadcrumbList","@id":"https:\/\/flexado.com\/us-es\/documentos\/#breadcrumb","itemListElement":[{"@type":"ListItem","position":1,"name":"Home","item":"https:\/\/flexado.com\/us-es\/concepto-de-hogar\/"},{"@type":"ListItem","position":2,"name":"Documentos"}]},{"@type":"WebSite","@id":"https:\/\/flexado.com\/de\/#website","url":"https:\/\/flexado.com\/de\/","name":"Flexado","description":"Freedom of Choice. Any Time, Any Place, Anywhere","potentialAction":[{"@type":"SearchAction","target":{"@type":"EntryPoint","urlTemplate":"https:\/\/flexado.com\/de\/?s={search_term_string}"},"query-input":{"@type":"PropertyValueSpecification","valueRequired":true,"valueName":"search_term_string"}}],"inLanguage":"es-US"}]}},"_links":{"self":[{"href":"https:\/\/flexado.com\/us-es\/wp-json\/wp\/v2\/pages\/23675","targetHints":{"allow":["GET"]}}],"collection":[{"href":"https:\/\/flexado.com\/us-es\/wp-json\/wp\/v2\/pages"}],"about":[{"href":"https:\/\/flexado.com\/us-es\/wp-json\/wp\/v2\/types\/page"}],"author":[{"embeddable":true,"href":"https:\/\/flexado.com\/us-es\/wp-json\/wp\/v2\/users\/3"}],"replies":[{"embeddable":true,"href":"https:\/\/flexado.com\/us-es\/wp-json\/wp\/v2\/comments?post=23675"}],"version-history":[{"count":65,"href":"https:\/\/flexado.com\/us-es\/wp-json\/wp\/v2\/pages\/23675\/revisions"}],"predecessor-version":[{"id":78979,"href":"https:\/\/flexado.com\/us-es\/wp-json\/wp\/v2\/pages\/23675\/revisions\/78979"}],"wp:attachment":[{"href":"https:\/\/flexado.com\/us-es\/wp-json\/wp\/v2\/media?parent=23675"}],"curies":[{"name":"wp","href":"https:\/\/api.w.org\/{rel}","templated":true}]}}