{"id":23742,"date":"2022-11-01T08:42:53","date_gmt":"2022-11-01T07:42:53","guid":{"rendered":"https:\/\/test.flexado.com\/cookies\/"},"modified":"2022-12-01T13:58:20","modified_gmt":"2022-12-01T13:58:20","slug":"cookies","status":"publish","type":"page","link":"https:\/\/flexado.com\/de\/cookies\/","title":{"rendered":"Cookies"},"content":{"rendered":"\n\t\t<div id=\"fws_69d7ec0eec8c9\"  data-column-margin=\"default\" data-midnight=\"dark\"  class=\"wpb_row vc_row-fluid vc_row vc_row-o-equal-height vc_row-flex vc_row-o-content-bottom  bottom_padding_tablet_70px bottom_padding_phone_0px\"  style=\"padding-top: 0px; padding-bottom: 100px; \"><div class=\"row-bg-wrap\" data-bg-animation=\"none\" data-bg-animation-delay=\"\" data-bg-overlay=\"false\"><div class=\"inner-wrap row-bg-layer\" ><div class=\"row-bg viewport-desktop\"  style=\"\"><\/div><\/div><\/div><div class=\"row_col_wrap_12 col span_12 dark left\">\n\t<div  class=\"vc_col-sm-6 wpb_column column_container vc_column_container col no-extra-padding inherit_tablet inherit_phone \"  data-padding-pos=\"all\" data-has-bg-color=\"false\" data-bg-color=\"\" data-bg-opacity=\"1\" data-animation=\"\" data-delay=\"0\" >\n\t\t<div class=\"vc_column-inner\" >\n\t\t\t<div class=\"wpb_wrapper\">\n\t\t\t\t\n<div class=\"wpb_text_column wpb_content_element \" >\n\t<div class=\"wpb_wrapper\">\n\t\t<div class=\"highlight-text\">Mmmm&#8230;<\/div>\n<h1>Cookies<\/h1>\n\t<\/div>\n<\/div>\n\n\n\n\n\t\t\t<\/div> \n\t\t<\/div>\n\t<\/div> \n\n\t<div  class=\"vc_col-sm-6 wpb_column column_container vc_column_container col no-extra-padding inherit_tablet inherit_phone \"  data-padding-pos=\"all\" data-has-bg-color=\"false\" data-bg-color=\"\" data-bg-opacity=\"1\" data-animation=\"\" data-delay=\"0\" >\n\t\t<div class=\"vc_column-inner\" >\n\t\t\t<div class=\"wpb_wrapper\">\n\t\t\t\t\n\t\t\t<\/div> \n\t\t<\/div>\n\t<\/div> \n<\/div><\/div>\n\t\t<div id=\"fws_69d7ec0eed15e\"  data-column-margin=\"default\" data-midnight=\"dark\" data-nectar-animate-settings=\"{&quot;animations&quot;:{&quot;desktop&quot;:{&quot;clipPath&quot;:{&quot;start&quot;:&quot;inset(0 0px 0 0px round 0)&quot;,&quot;end&quot;:&quot;inset(0 50px 0 50px round 20px)&quot;}},&quot;tablet&quot;:{&quot;clipPath&quot;:{&quot;start&quot;:&quot;inset(0 0 0 0 round 0)&quot;,&quot;end&quot;:&quot;inset(0 0 0 0 round 0.1px)&quot;}},&quot;phone&quot;:{&quot;clipPath&quot;:{&quot;start&quot;:&quot;inset(0 0 0 0 round 0)&quot;,&quot;end&quot;:&quot;inset(0 0 0 0 round 0.1px)&quot;}}},&quot;offsets&quot;:{&quot;start&quot;:&quot;10.00&quot;,&quot;end&quot;:&quot;30.00&quot;,&quot;origin&quot;:&quot;bottom&quot;},&quot;config&quot;:{&quot;inner_selector&quot;:&quot;.row-bg-layer&quot;}}\"  class=\"wpb_row vc_row-fluid vc_row full-width-section  top_padding_tablet_70px top_padding_phone_50px bottom_padding_tablet_70px bottom_padding_phone_50px\"  style=\"padding-top: 100px; padding-bottom: 100px; \"><div class=\"row-bg-wrap\" data-bg-animation=\"clip-path\" data-bg-animation-delay=\"\" data-bg-overlay=\"false\"><div class=\"inner-wrap row-bg-layer\" style=\"background-color: #f7f7f7;\" ><div class=\"row-bg viewport-desktop using-bg-color\"  style=\"background-color: #f7f7f7; \"><\/div><\/div><\/div><div class=\"row_col_wrap_12 col span_12 dark left\">\n\t<div  class=\"vc_col-sm-12 wpb_column column_container vc_column_container col no-extra-padding inherit_tablet inherit_phone \"  data-padding-pos=\"all\" data-has-bg-color=\"false\" data-bg-color=\"\" data-bg-opacity=\"1\" data-animation=\"\" data-delay=\"0\" >\n\t\t<div class=\"vc_column-inner\" >\n\t\t\t<div class=\"wpb_wrapper\">\n\t\t\t\t<div id=\"fws_69d7ec0eeedf3\" data-midnight=\"\" data-column-margin=\"default\" class=\"wpb_row vc_row-fluid vc_row inner_row\"  style=\"\"><div class=\"row-bg-wrap\"> <div class=\"row-bg\" ><\/div> <\/div><div class=\"row_col_wrap_12_inner col span_12  left\">\n\t<div  class=\"vc_col-sm-4 wpb_column column_container vc_column_container col child_column no-extra-padding inherit_tablet inherit_phone \"   data-padding-pos=\"all\" data-has-bg-color=\"false\" data-bg-color=\"\" data-bg-opacity=\"1\" data-animation=\"\" data-delay=\"0\" >\n\t\t<div class=\"vc_column-inner\" >\n\t\t<div class=\"wpb_wrapper\">\n\t\t\t\n<div class=\"wpb_text_column wpb_content_element \" >\n\t<div class=\"wpb_wrapper\">\n\t\t<h3>Google Analytics<\/h3>\n\t<\/div>\n<\/div>\n\n\n\n\n\t\t<\/div> \n\t<\/div>\n\t<\/div> \n\n\t<div  class=\"vc_col-sm-8 wpb_column column_container vc_column_container col child_column no-extra-padding inherit_tablet inherit_phone \"   data-padding-pos=\"all\" data-has-bg-color=\"false\" data-bg-color=\"\" data-bg-opacity=\"1\" data-animation=\"\" data-delay=\"0\" >\n\t\t<div class=\"vc_column-inner\" >\n\t\t<div class=\"wpb_wrapper\">\n\t\t\t\n<div class=\"wpb_text_column wpb_content_element \" >\n\t<div class=\"wpb_wrapper\">\n\t\t<p>Diese Webseite nutzt Google Analytics, einen Webanalysedienst der Google Inc. (\u201eGoogle\u201c). Google Analytics verwendet sog. \u201eCookies\u201c (Textdateien, die auf Ihrem Computer gespeichert werden), um dem Betreiber der Website eine Analyse der Benutzung der Webseite zu erm\u00f6glichen. Die \u00fcber die Nutzung der Webseite erzeugten Informationen (einschlie\u00dflich Ihrer IP-Adresse) werden an Google \u00fcbertragen und auf Servern in den Vereinigten Staaten gespeichert.<\/p>\n<p>Google wird diese Informationen benutzen, um Ihre Nutzung der Webseite zu \u00fcberwachen, um Berichte \u00fcber die Aktivit\u00e4ten auf der Website f\u00fcr die Webseitenbetreiber zusammenzustellen und um weitere mit der Webseitennutzung und der Internetnutzung verbundene Dienstleistungen zu erbringen. Google kann diese Informationen an Dritte weitergeben, wenn Google dazu gesetzlich verpflichtet ist oder soweit diese Dritten diese Informationen im Auftrag von Google verarbeiten. Google wird Ihre IP-Adresse nicht mit anderen Daten, die Google besitzt, kombinieren. Sie k\u00f6nnen die Verwendung von Cookies ablehnen, indem Sie die entsprechenden Einstellungen in Ihrem Browser vornehmen.<\/p>\n<p>Wir weisen Sie jedoch darauf hin, dass Sie in diesem Fall m\u00f6glicherweise nicht alle Optionen dieser Webseite nutzen k\u00f6nnen. Durch die Nutzung dieser Webseite erkl\u00e4ren Sie sich mit der Bearbeitung der \u00fcber Sie erhobenen Daten durch Google in der zuvor beschriebenen Art und Weise und zu dem zuvor benannten Zweck einverstanden. Wie Google Daten verwendet, wenn Sie Webseiten oder Anwendungen von Google-Partnern nutzen, k\u00f6nnen Sie hier nachlesen: www.google.com\/intl\/nl\/policies\/privacy\/partners.<\/p>\n\t<\/div>\n<\/div>\n\n\n\n\n\t\t<\/div> \n\t<\/div>\n\t<\/div> \n<\/div><\/div><div class=\"divider-wrap height_tablet_40px height_phone_20px \" data-alignment=\"default\"><div style=\"height: 60px;\" class=\"divider\"><\/div><\/div><div id=\"fws_69d7ec0eef658\" data-midnight=\"\" data-column-margin=\"default\" class=\"wpb_row vc_row-fluid vc_row inner_row\"  style=\"\"><div class=\"row-bg-wrap\"> <div class=\"row-bg\" ><\/div> <\/div><div class=\"row_col_wrap_12_inner col span_12  left\">\n\t<div  class=\"vc_col-sm-4 wpb_column column_container vc_column_container col child_column no-extra-padding inherit_tablet inherit_phone \"   data-padding-pos=\"all\" data-has-bg-color=\"false\" data-bg-color=\"\" data-bg-opacity=\"1\" data-animation=\"\" data-delay=\"0\" >\n\t\t<div class=\"vc_column-inner\" >\n\t\t<div class=\"wpb_wrapper\">\n\t\t\t\n<div class=\"wpb_text_column wpb_content_element \" >\n\t<div class=\"wpb_wrapper\">\n\t\t<h3>Andere Cookies<\/h3>\n\t<\/div>\n<\/div>\n\n\n\n\n\t\t<\/div> \n\t<\/div>\n\t<\/div> \n\n\t<div  class=\"vc_col-sm-8 wpb_column column_container vc_column_container col child_column no-extra-padding inherit_tablet inherit_phone \"   data-padding-pos=\"all\" data-has-bg-color=\"false\" data-bg-color=\"\" data-bg-opacity=\"1\" data-animation=\"\" data-delay=\"0\" >\n\t\t<div class=\"vc_column-inner\" >\n\t\t<div class=\"wpb_wrapper\">\n\t\t\t<div class=\"nectar-fancy-ul\" data-list-icon=\"dot\" data-animation=\"false\" data-animation-delay=\"0\" data-spacing=\"default\" data-alignment=\"left\"> Die Cookies werden f\u00fcr die folgenden Zwecke verwendet:<\/p>\n<ul>\n<li>Merken von z. B. Anmeldenamen und Passw\u00f6rtern f\u00fcr eine effiziente Nutzung der Webseite<\/li>\n<li>Analyse der Nutzung von Webseiten<\/li>\n<li>Erhebung von Daten \u00fcber Ihr Besuchsverhalten<\/li>\n<\/ul>\n<p>Sie k\u00f6nnen selbst entscheiden, ob Sie Cookies akzeptieren oder ablehnen wollen oder ob Ihr Browser Sie dar\u00fcber informieren muss, sobald ein Cookie gesetzt wird. Hierf\u00fcr m\u00fcssen Sie die Einstellungen in Ihrem Browser anpassen. Sie k\u00f6nnen die \u201eHilfe\u201c-Funktion Ihres Browsers nutzen, um Ihre Cookie-Einstellungen zu \u00e4ndern. <\/div>\n\t\t<\/div> \n\t<\/div>\n\t<\/div> \n<\/div><\/div><div class=\"divider-wrap height_tablet_40px height_phone_20px \" data-alignment=\"default\"><div style=\"height: 60px;\" class=\"divider\"><\/div><\/div><div id=\"fws_69d7ec0eefe1e\" data-midnight=\"\" data-column-margin=\"default\" class=\"wpb_row vc_row-fluid vc_row inner_row\"  style=\"\"><div class=\"row-bg-wrap\"> <div class=\"row-bg\" ><\/div> <\/div><div class=\"row_col_wrap_12_inner col span_12  left\">\n\t<div style=\"\" class=\"vc_col-sm-12 wpb_column column_container vc_column_container col child_column padding-4-percent inherit_tablet inherit_phone \"  data-using-bg=\"true\" data-border-radius=\"15px\" data-padding-pos=\"all\" data-has-bg-color=\"true\" data-bg-color=\"#ffffff\" data-bg-opacity=\"1\" data-animation=\"\" data-delay=\"0\" >\n\t\t<div class=\"vc_column-inner\" ><div class=\"column-bg-overlay-wrap column-bg-layer\" data-bg-animation=\"none\"><div class=\"column-bg-overlay\" style=\"opacity: 1; background-color: #ffffff;\"><\/div><\/div>\n\t\t<div class=\"wpb_wrapper\">\n\t\t\t\n<div class=\"wpb_text_column wpb_content_element \" >\n\t<div class=\"wpb_wrapper\">\n\t\t<h4>Cookies, die auf einer oder mehreren Seiten dieser Webseite verwendet werden:<\/h4>\n\t<\/div>\n<\/div>\n\n\n\n\n<div class=\"wpb_text_column wpb_content_element \" >\n\t<div class=\"wpb_wrapper\">\n\t\t<p><span class=\"highlight-text\">Google Adwords<\/span> <span class=\"highlight-text\">Google Optimize<\/span> <span class=\"highlight-text\">Google Analytics<\/span> <span class=\"highlight-text\">Google Dynamic Remarketing<\/span> <span class=\"highlight-text\">Hotjar Analytics<\/span> <span class=\"highlight-text\">Zoho Analytics<\/span> <span class=\"highlight-text\">Zoho PageSens<\/span><\/p>\n\t<\/div>\n<\/div>\n\n\n\n\n\t\t<\/div> \n\t<\/div>\n\t<\/div> \n<\/div><\/div>\n\t\t\t<\/div> \n\t\t<\/div>\n\t<\/div> \n<\/div><\/div>\n\t\t<div id=\"fws_69d7ec0ef050a\"  data-column-margin=\"default\" data-midnight=\"dark\"  class=\"wpb_row vc_row-fluid vc_row\"  style=\"padding-top: 30px; padding-bottom: 0px; \"><div class=\"row-bg-wrap\" data-bg-animation=\"none\" data-bg-animation-delay=\"\" data-bg-overlay=\"false\"><div class=\"inner-wrap row-bg-layer\" ><div class=\"row-bg viewport-desktop\"  style=\"\"><\/div><\/div><\/div><div class=\"row_col_wrap_12 col span_12 dark left\">\n\t<div  class=\"vc_col-sm-12 wpb_column column_container vc_column_container col no-extra-padding inherit_tablet inherit_phone \"  data-padding-pos=\"all\" data-has-bg-color=\"false\" data-bg-color=\"\" data-bg-opacity=\"1\" data-animation=\"\" data-delay=\"0\" >\n\t\t<div class=\"vc_column-inner\" >\n\t\t\t<div class=\"wpb_wrapper\">\n\t\t\t\t\n\t\t\t<\/div> \n\t\t<\/div>\n\t<\/div> \n<\/div><\/div>\n"},"excerpt":{"rendered":"<p>[vc_row type=&#8220;in_container&#8220; full_screen_row_position=&#8220;middle&#8220; column_margin=&#8220;default&#8220; equal_height=&#8220;yes&#8220; content_placement=&#8220;bottom&#8220; column_direction=&#8220;default&#8220; column_direction_tablet=&#8220;default&#8220; column_direction_phone=&#8220;default&#8220; scene_position=&#8220;center&#8220; bottom_padding=&#8220;100&#8243; bottom_padding_tablet=&#8220;70&#8243; bottom_padding_phone=&#8220;0&#8243; text_color=&#8220;dark&#8220; text_align=&#8220;left&#8220; row_border_radius=&#8220;none&#8220; row_border_radius_applies=&#8220;bg&#8220; overflow=&#8220;visible&#8220; overlay_strength=&#8220;0.3&#8243; gradient_direction=&#8220;left_to_right&#8220; shape_divider_position=&#8220;bottom&#8220; bg_image_animation=&#8220;none&#8220; gradient_type=&#8220;default&#8220; shape_type=&#8220;&#8220;][vc_column column_padding=&#8220;no-extra-padding&#8220; column_padding_tablet=&#8220;inherit&#8220; column_padding_phone=&#8220;inherit&#8220; column_padding_position=&#8220;all&#8220; column_element_direction_desktop=&#8220;default&#8220; column_element_spacing=&#8220;default&#8220;&#8230;<\/p>\n","protected":false},"author":3,"featured_media":0,"parent":0,"menu_order":0,"comment_status":"closed","ping_status":"closed","template":"","meta":{"inline_featured_image":false,"footnotes":""},"class_list":["post-23742","page","type-page","status-publish"],"yoast_head":"<!-- This site is optimized with the Yoast SEO plugin v24.2 - https:\/\/yoast.com\/wordpress\/plugins\/seo\/ -->\n<title>Cookies - Flexado<\/title>\n<meta name=\"robots\" content=\"index, follow, max-snippet:-1, max-image-preview:large, max-video-preview:-1\" \/>\n<link rel=\"canonical\" href=\"https:\/\/flexado.com\/de\/cookies\/\" \/>\n<meta property=\"og:locale\" content=\"de_DE\" \/>\n<meta property=\"og:type\" content=\"article\" \/>\n<meta property=\"og:title\" content=\"Cookies - Flexado\" \/>\n<meta property=\"og:description\" content=\"[vc_row type=&#8220;in_container&#8220; full_screen_row_position=&#8220;middle&#8220; column_margin=&#8220;default&#8220; equal_height=&#8220;yes&#8220; content_placement=&#8220;bottom&#8220; column_direction=&#8220;default&#8220; column_direction_tablet=&#8220;default&#8220; column_direction_phone=&#8220;default&#8220; scene_position=&#8220;center&#8220; bottom_padding=&#8220;100&#8243; bottom_padding_tablet=&#8220;70&#8243; bottom_padding_phone=&#8220;0&#8243; text_color=&#8220;dark&#8220; text_align=&#8220;left&#8220; row_border_radius=&#8220;none&#8220; row_border_radius_applies=&#8220;bg&#8220; overflow=&#8220;visible&#8220; overlay_strength=&#8220;0.3&#8243; gradient_direction=&#8220;left_to_right&#8220; shape_divider_position=&#8220;bottom&#8220; bg_image_animation=&#8220;none&#8220; gradient_type=&#8220;default&#8220; shape_type=&#8220;&#8220;][vc_column column_padding=&#8220;no-extra-padding&#8220; column_padding_tablet=&#8220;inherit&#8220; column_padding_phone=&#8220;inherit&#8220; column_padding_position=&#8220;all&#8220; column_element_direction_desktop=&#8220;default&#8220; column_element_spacing=&#8220;default&#8220;...\" \/>\n<meta property=\"og:url\" content=\"https:\/\/flexado.com\/de\/cookies\/\" \/>\n<meta property=\"og:site_name\" content=\"Flexado\" \/>\n<meta property=\"article:modified_time\" content=\"2022-12-01T13:58:20+00:00\" \/>\n<meta name=\"twitter:card\" content=\"summary_large_image\" \/>\n<meta name=\"twitter:label1\" content=\"Gesch\u00e4tzte Lesezeit\" \/>\n\t<meta name=\"twitter:data1\" content=\"8\u00a0Minuten\" \/>\n<script type=\"application\/ld+json\" class=\"yoast-schema-graph\">{\"@context\":\"https:\/\/schema.org\",\"@graph\":[{\"@type\":\"WebPage\",\"@id\":\"https:\/\/flexado.com\/de\/cookies\/\",\"url\":\"https:\/\/flexado.com\/de\/cookies\/\",\"name\":\"Cookies - Flexado\",\"isPartOf\":{\"@id\":\"https:\/\/flexado.com\/de\/#website\"},\"datePublished\":\"2022-11-01T07:42:53+00:00\",\"dateModified\":\"2022-12-01T13:58:20+00:00\",\"breadcrumb\":{\"@id\":\"https:\/\/flexado.com\/de\/cookies\/#breadcrumb\"},\"inLanguage\":\"de\",\"potentialAction\":[{\"@type\":\"ReadAction\",\"target\":[\"https:\/\/flexado.com\/de\/cookies\/\"]}]},{\"@type\":\"BreadcrumbList\",\"@id\":\"https:\/\/flexado.com\/de\/cookies\/#breadcrumb\",\"itemListElement\":[{\"@type\":\"ListItem\",\"position\":1,\"name\":\"Home\",\"item\":\"https:\/\/flexado.com\/de\/home-konzept\/\"},{\"@type\":\"ListItem\",\"position\":2,\"name\":\"Cookies\"}]},{\"@type\":\"WebSite\",\"@id\":\"https:\/\/flexado.com\/de\/#website\",\"url\":\"https:\/\/flexado.com\/de\/\",\"name\":\"Flexado\",\"description\":\"Freedom of Choice. Any Time, Any Place, Anywhere\",\"potentialAction\":[{\"@type\":\"SearchAction\",\"target\":{\"@type\":\"EntryPoint\",\"urlTemplate\":\"https:\/\/flexado.com\/de\/?s={search_term_string}\"},\"query-input\":{\"@type\":\"PropertyValueSpecification\",\"valueRequired\":true,\"valueName\":\"search_term_string\"}}],\"inLanguage\":\"de\"}]}<\/script>\n<!-- \/ Yoast SEO plugin. -->","yoast_head_json":{"title":"Cookies - Flexado","robots":{"index":"index","follow":"follow","max-snippet":"max-snippet:-1","max-image-preview":"max-image-preview:large","max-video-preview":"max-video-preview:-1"},"canonical":"https:\/\/flexado.com\/de\/cookies\/","og_locale":"de_DE","og_type":"article","og_title":"Cookies - Flexado","og_description":"[vc_row type=&#8220;in_container&#8220; full_screen_row_position=&#8220;middle&#8220; column_margin=&#8220;default&#8220; equal_height=&#8220;yes&#8220; content_placement=&#8220;bottom&#8220; column_direction=&#8220;default&#8220; column_direction_tablet=&#8220;default&#8220; column_direction_phone=&#8220;default&#8220; scene_position=&#8220;center&#8220; bottom_padding=&#8220;100&#8243; bottom_padding_tablet=&#8220;70&#8243; bottom_padding_phone=&#8220;0&#8243; text_color=&#8220;dark&#8220; text_align=&#8220;left&#8220; row_border_radius=&#8220;none&#8220; row_border_radius_applies=&#8220;bg&#8220; overflow=&#8220;visible&#8220; overlay_strength=&#8220;0.3&#8243; gradient_direction=&#8220;left_to_right&#8220; shape_divider_position=&#8220;bottom&#8220; bg_image_animation=&#8220;none&#8220; gradient_type=&#8220;default&#8220; shape_type=&#8220;&#8220;][vc_column column_padding=&#8220;no-extra-padding&#8220; column_padding_tablet=&#8220;inherit&#8220; column_padding_phone=&#8220;inherit&#8220; column_padding_position=&#8220;all&#8220; column_element_direction_desktop=&#8220;default&#8220; column_element_spacing=&#8220;default&#8220;...","og_url":"https:\/\/flexado.com\/de\/cookies\/","og_site_name":"Flexado","article_modified_time":"2022-12-01T13:58:20+00:00","twitter_card":"summary_large_image","twitter_misc":{"Gesch\u00e4tzte Lesezeit":"8\u00a0Minuten"},"schema":{"@context":"https:\/\/schema.org","@graph":[{"@type":"WebPage","@id":"https:\/\/flexado.com\/de\/cookies\/","url":"https:\/\/flexado.com\/de\/cookies\/","name":"Cookies - Flexado","isPartOf":{"@id":"https:\/\/flexado.com\/de\/#website"},"datePublished":"2022-11-01T07:42:53+00:00","dateModified":"2022-12-01T13:58:20+00:00","breadcrumb":{"@id":"https:\/\/flexado.com\/de\/cookies\/#breadcrumb"},"inLanguage":"de","potentialAction":[{"@type":"ReadAction","target":["https:\/\/flexado.com\/de\/cookies\/"]}]},{"@type":"BreadcrumbList","@id":"https:\/\/flexado.com\/de\/cookies\/#breadcrumb","itemListElement":[{"@type":"ListItem","position":1,"name":"Home","item":"https:\/\/flexado.com\/de\/home-konzept\/"},{"@type":"ListItem","position":2,"name":"Cookies"}]},{"@type":"WebSite","@id":"https:\/\/flexado.com\/de\/#website","url":"https:\/\/flexado.com\/de\/","name":"Flexado","description":"Freedom of Choice. Any Time, Any Place, Anywhere","potentialAction":[{"@type":"SearchAction","target":{"@type":"EntryPoint","urlTemplate":"https:\/\/flexado.com\/de\/?s={search_term_string}"},"query-input":{"@type":"PropertyValueSpecification","valueRequired":true,"valueName":"search_term_string"}}],"inLanguage":"de"}]}},"_links":{"self":[{"href":"https:\/\/flexado.com\/de\/wp-json\/wp\/v2\/pages\/23742","targetHints":{"allow":["GET"]}}],"collection":[{"href":"https:\/\/flexado.com\/de\/wp-json\/wp\/v2\/pages"}],"about":[{"href":"https:\/\/flexado.com\/de\/wp-json\/wp\/v2\/types\/page"}],"author":[{"embeddable":true,"href":"https:\/\/flexado.com\/de\/wp-json\/wp\/v2\/users\/3"}],"replies":[{"embeddable":true,"href":"https:\/\/flexado.com\/de\/wp-json\/wp\/v2\/comments?post=23742"}],"version-history":[{"count":1,"href":"https:\/\/flexado.com\/de\/wp-json\/wp\/v2\/pages\/23742\/revisions"}],"predecessor-version":[{"id":23743,"href":"https:\/\/flexado.com\/de\/wp-json\/wp\/v2\/pages\/23742\/revisions\/23743"}],"wp:attachment":[{"href":"https:\/\/flexado.com\/de\/wp-json\/wp\/v2\/media?parent=23742"}],"curies":[{"name":"wp","href":"https:\/\/api.w.org\/{rel}","templated":true}]}}