{"id":23569,"date":"2022-10-12T13:46:43","date_gmt":"2022-10-12T11:46:43","guid":{"rendered":"https:\/\/test.flexado.com\/contact\/"},"modified":"2025-10-02T14:36:30","modified_gmt":"2025-10-02T12:36:30","slug":"kontakt","status":"publish","type":"page","link":"https:\/\/flexado.com\/de\/kontakt\/","title":{"rendered":"Kontakt"},"content":{"rendered":"\n\t\t<div id=\"fws_69d7ec0f17e1e\"  data-column-margin=\"default\" data-midnight=\"dark\"  class=\"wpb_row vc_row-fluid vc_row full-width-section bg-top-rounded top_padding_tablet_60px top_padding_phone_50px bottom_padding_tablet_30px bottom_padding_phone_20px\"  style=\"padding-top: 70px; padding-bottom: 30px; \"><div class=\"row-bg-wrap\" data-bg-animation=\"none\" data-bg-animation-delay=\"\" data-bg-overlay=\"true\"><div class=\"inner-wrap row-bg-layer\" ><div class=\"row-bg viewport-desktop\"  style=\"\"><\/div><\/div><div class=\"row-bg-overlay row-bg-layer\" style=\"background: linear-gradient(to bottom,#f9f5f3 0%,rgba(255,255,255,0.001) 75%);  opacity: 1; \"><\/div><\/div><div class=\"row_col_wrap_12 col span_12 dark left\">\n\t<div  class=\"vc_col-sm-12 wpb_column column_container vc_column_container col no-extra-padding inherit_tablet inherit_phone \"  data-padding-pos=\"all\" data-has-bg-color=\"false\" data-bg-color=\"\" data-bg-opacity=\"1\" data-animation=\"\" data-delay=\"0\" >\n\t\t<div class=\"vc_column-inner\" >\n\t\t\t<div class=\"wpb_wrapper\">\n\t\t\t\t<div id=\"fws_69d7ec0f1a204\" data-midnight=\"\" data-column-margin=\"default\" class=\"wpb_row vc_row-fluid vc_row inner_row vc_row-o-equal-height vc_row-flex vc_row-o-content-bottom\"  style=\"padding-bottom: 50px; \"><div class=\"row-bg-wrap\"> <div class=\"row-bg\" ><\/div> <\/div><div class=\"row_col_wrap_12_inner col span_12  left\">\n\t<div  class=\"vc_col-sm-12 wpb_column column_container vc_column_container col child_column no-extra-padding inherit_tablet inherit_phone \"   data-padding-pos=\"all\" data-has-bg-color=\"false\" data-bg-color=\"\" data-bg-opacity=\"1\" data-animation=\"\" data-delay=\"0\" >\n\t\t<div class=\"vc_column-inner\" >\n\t\t<div class=\"wpb_wrapper\">\n\t\t\t\n\t<div class=\"wpb_raw_code wpb_raw_html wpb_content_element\" >\n\t\t<div class=\"wpb_wrapper\">\n\t\t\t<div class=\"office-label\">Kontakt<\/div>\n\t\t<\/div>\n\t<\/div>\n<h1 style=\"font-size: 75px;line-height: 110%;text-align: left\" class=\"vc_custom_heading vc_do_custom_heading\" >Wie k\u00f6nnen wir Ihnen helfen?<\/h1>\n\t\t<\/div> \n\t<\/div>\n\t<\/div> \n<\/div><\/div>\n\t\t\t<\/div> \n\t\t<\/div>\n\t<\/div> \n<\/div><\/div>\n\t\t<div id=\"fws_69d7ec0f1ada2\"  data-column-margin=\"10px\" data-midnight=\"dark\"  class=\"wpb_row vc_row-fluid vc_row vc_row-o-equal-height vc_row-flex\"  style=\"padding-top: 0px; padding-bottom: 0px; \"><div class=\"row-bg-wrap\" data-bg-animation=\"none\" data-bg-animation-delay=\"\" data-bg-overlay=\"false\"><div class=\"inner-wrap row-bg-layer\" ><div class=\"row-bg viewport-desktop\"  style=\"\"><\/div><\/div><\/div><div class=\"row_col_wrap_12 col span_12 dark left\">\n\t<div style=\"\" class=\"vc_col-sm-6 wpb_column column_container vc_column_container col padding-3-percent padding-3-percent_tablet padding-3-percent_phone tl_br_35px tr_br_35px bl_br_35px br_br_35px \" data-using-bg=\"true\" data-padding-pos=\"all\" data-has-bg-color=\"true\" data-bg-color=\"#fff0ea\" data-bg-opacity=\"1\" data-animation=\"\" data-delay=\"0\" >\n\t\t<div class=\"vc_column-inner\" ><div class=\"column-bg-overlay-wrap column-bg-layer\" data-bg-animation=\"none\"><div class=\"column-bg-overlay\" style=\"opacity: 1; background-color: #fff0ea;\"><\/div><\/div>\n\t\t\t<div class=\"wpb_wrapper\">\n\t\t\t\t<div class=\"img-with-aniamtion-wrap \" data-max-width=\"custom\" data-max-width-mobile=\"default\" data-shadow=\"none\" data-animation=\"none\"  style=\"margin-bottom: 30px; \">\n      <div class=\"inner\">\n        <div class=\"hover-wrap\"> \n          <div class=\"hover-wrap-inner\">\n            <img decoding=\"async\" class=\"img-with-animation icn-circle-bg skip-lazy\" data-delay=\"0\" height=\"100\" width=\"100\" data-animation=\"none\" src=\"https:\/\/flexado.com\/wp-content\/uploads\/2022\/12\/Flexado-icon-contact.svg\" alt=\"\"  \/>\n          <\/div>\n        <\/div>\n      <\/div>\n    <\/div>\n<div class=\"wpb_text_column wpb_content_element \" >\n\t<div class=\"wpb_wrapper\">\n\t\t<h4>Finden Sie schnell die Antwort auf Ihre Frage.<\/h4>\n<p>Direkter Zugriff auf die Informationen, die Sie ben\u00f6tigen.<\/p>\n\t<\/div>\n<\/div>\n\n\n\n<a class=\"nectar-button large regular accent-color  regular-button no-margin\"  role=\"button\" style=\"color: #ffffff; background-color: #ff5a1a;\" target=\"_blank\" href=\"https:\/\/help.flexado.com\/en\" data-color-override=\"#ff5a1a\" data-hover-color-override=\"false\" data-hover-text-color-override=\"#fff\"><span>Supportcenter<\/span><\/a>\n\t\t\t<\/div> \n\t\t<\/div>\n\t<\/div> \n\n\t<div style=\"\" class=\"vc_col-sm-6 wpb_column column_container vc_column_container col padding-3-percent padding-3-percent_tablet padding-3-percent_phone tl_br_35px tr_br_35px bl_br_35px br_br_35px \" data-using-bg=\"true\" data-padding-pos=\"all\" data-has-bg-color=\"true\" data-bg-color=\"#f8f4f2\" data-bg-opacity=\"1\" data-animation=\"\" data-delay=\"0\" >\n\t\t<div class=\"vc_column-inner\" ><div class=\"column-bg-overlay-wrap column-bg-layer\" data-bg-animation=\"none\"><div class=\"column-bg-overlay\" style=\"opacity: 1; background-color: #f8f4f2;\"><\/div><\/div>\n\t\t\t<div class=\"wpb_wrapper\">\n\t\t\t\t<div class=\"img-with-aniamtion-wrap \" data-max-width=\"custom\" data-max-width-mobile=\"default\" data-shadow=\"none\" data-animation=\"none\"  style=\"margin-bottom: 30px; \">\n      <div class=\"inner\">\n        <div class=\"hover-wrap\"> \n          <div class=\"hover-wrap-inner\">\n            <img decoding=\"async\" class=\"img-with-animation icn-circle-bg skip-lazy\" data-delay=\"0\" height=\"100\" width=\"100\" data-animation=\"none\" src=\"https:\/\/flexado.com\/wp-content\/uploads\/2025\/03\/Flexado-icn-KVK.svg\" alt=\"\"  \/>\n          <\/div>\n        <\/div>\n      <\/div>\n    <\/div>\n<div class=\"wpb_text_column wpb_content_element \" >\n\t<div class=\"wpb_wrapper\">\n\t\t<h4>Kontakt-Formular<\/h4>\n<p>Stellen Sie Ihre Frage hier.<\/p>\n\t<\/div>\n<\/div>\n\n\n\n<a class=\"nectar-button large regular accent-color  regular-button open-form popup-contactform\"  role=\"button\" style=\"color: #ff5a1a; background-color: #ffffff;\"  href=\"#\" data-color-override=\"#ffffff\" data-hover-color-override=\"false\" data-hover-text-color-override=\"#fff\"><span>Formular \u00f6ffnen<\/span><\/a>\n\t\t\t<\/div> \n\t\t<\/div>\n\t<\/div> \n<\/div><\/div>\n\t\t<div id=\"fws_69d7ec0f1d039\"  data-column-margin=\"default\" data-midnight=\"dark\"  class=\"wpb_row vc_row-fluid vc_row  top_padding_tablet_70px top_padding_phone_50px bottom_padding_tablet_5px bottom_padding_phone_0px\"  style=\"padding-top: 100px; padding-bottom: 15px; \"><div class=\"row-bg-wrap\" data-bg-animation=\"none\" data-bg-animation-delay=\"\" data-bg-overlay=\"false\"><div class=\"inner-wrap row-bg-layer\" ><div class=\"row-bg viewport-desktop\"  style=\"\"><\/div><\/div><\/div><div class=\"row_col_wrap_12 col span_12 dark left\">\n\t<div  class=\"vc_col-sm-12 wpb_column column_container vc_column_container col has-animation no-extra-padding inherit_tablet inherit_phone \"  data-padding-pos=\"all\" data-has-bg-color=\"false\" data-bg-color=\"\" data-bg-opacity=\"1\" data-animation=\"fade-in-from-bottom\" data-delay=\"200\" >\n\t\t<div class=\"vc_column-inner\" >\n\t\t\t<div class=\"wpb_wrapper\">\n\t\t\t\t\n<div class=\"wpb_text_column wpb_content_element \" >\n\t<div class=\"wpb_wrapper\">\n\t\t<h2 style=\"font-weight: 400;\">Unsere B\u00fcros<\/h2>\n\t<\/div>\n<\/div>\n\n\n\n\n\t\t\t<\/div> \n\t\t<\/div>\n\t<\/div> \n<\/div><\/div>\n\t\t<div id=\"fws_69d7ec0f1d514\"  data-column-margin=\"20px\" data-midnight=\"dark\"  class=\"wpb_row vc_row-fluid vc_row vc_row-o-equal-height vc_row-flex\"  style=\"padding-top: 0px; padding-bottom: 0px; \"><div class=\"row-bg-wrap\" data-bg-animation=\"none\" data-bg-animation-delay=\"\" data-bg-overlay=\"false\"><div class=\"inner-wrap row-bg-layer\" ><div class=\"row-bg viewport-desktop\"  style=\"\"><\/div><\/div><\/div><div class=\"row_col_wrap_12 col span_12 dark left\">\n\t<div  class=\"vc_col-sm-4 office-block office-block-hq wpb_column column_container vc_column_container col has-animation padding-3-percent padding-3-percent_tablet padding-4-percent_phone tl_br_35px tr_br_35px bl_br_35px br_br_35px \"  data-padding-pos=\"all\" data-has-bg-color=\"false\" data-bg-color=\"\" data-bg-opacity=\"1\" data-animation=\"fade-in-from-bottom\" data-delay=\"150\" >\n\t\t<div class=\"vc_column-inner\" >\n\t\t\t<div class=\"wpb_wrapper\">\n\t\t\t\t\n\t<div class=\"wpb_raw_code wpb_raw_html wpb_content_element\" >\n\t\t<div class=\"wpb_wrapper\">\n\t\t\t<div class=\"office-label office-label-hq\">Hauptsitz<\/div>\n\t\t<\/div>\n\t<\/div>\n\n<div class=\"wpb_text_column wpb_content_element  office-txt\" >\n\t<div class=\"wpb_wrapper\">\n\t\t<h5 style=\"font-weight: 400;\">Niederlande<\/h5>\n\t<\/div>\n<\/div>\n\n\n\n\n<div class=\"wpb_text_column wpb_content_element  office-txt\" >\n\t<div class=\"wpb_wrapper\">\n\t\t<h6>Uden<\/h6>\n<p>Liessentstraat 9A, 5405 AH<br \/>\n+31 (0) 85 303 2500<\/p>\n\t<\/div>\n<\/div>\n\n\n\n\n\t<div class=\"wpb_raw_code wpb_raw_html wpb_content_element\" >\n\t\t<div class=\"wpb_wrapper\">\n\t\t\t<a href=\"https:\/\/maps.app.goo.gl\/bJzY79T9NHWcUT5V8\" target=\"_blank\" class=\"btn-direction\">Wegbeschreibung<\/a>\n\t\t<\/div>\n\t<\/div>\n\n\t<div class=\"wpb_raw_code wpb_raw_html wpb_content_element\" >\n\t\t<div class=\"wpb_wrapper\">\n\t\t\t<div class=\"office-txt office-txt-inner\">\n<img decoding=\"async\" src=\"\/wp-content\/uploads\/2022\/12\/Flexado-icon-phone-2.svg\">\n<span><strong>Telefonisch erreichbar:<\/strong><br>Mo bis Fr von 09:00 bis 12:00 Uhr und von 13:00 bis 16:00 Uhr (CET)<\/span>\n<\/div>\n\t\t<\/div>\n\t<\/div>\n\n\t\t\t<\/div> \n\t\t<\/div>\n\t<\/div> \n\n\t<div  class=\"vc_col-sm-4 office-block wpb_column column_container vc_column_container col has-animation padding-3-percent padding-3-percent_tablet padding-4-percent_phone tl_br_35px tr_br_35px bl_br_35px br_br_35px \"  data-padding-pos=\"all\" data-has-bg-color=\"false\" data-bg-color=\"\" data-bg-opacity=\"1\" data-animation=\"fade-in-from-bottom\" data-delay=\"300\" >\n\t\t<div class=\"vc_column-inner\" >\n\t\t\t<div class=\"wpb_wrapper\">\n\t\t\t\t\n\t<div class=\"wpb_raw_code wpb_raw_html wpb_content_element\" >\n\t\t<div class=\"wpb_wrapper\">\n\t\t\t<div class=\"office-label\">B\u00fcro<\/div>\n\t\t<\/div>\n\t<\/div>\n\n<div class=\"wpb_text_column wpb_content_element  office-txt\" >\n\t<div class=\"wpb_wrapper\">\n\t\t<h5 style=\"font-weight: 400;\">Vereinigte Staaten<\/h5>\n\t<\/div>\n<\/div>\n\n\n\n\n<div class=\"wpb_text_column wpb_content_element  office-txt\" >\n\t<div class=\"wpb_wrapper\">\n\t\t<h6>Las Vegas Tal, NV<\/h6>\n<p>2831 St. Rose Parkway, Suite 200<br \/>\n+1 702 608 8565<\/p>\n\t<\/div>\n<\/div>\n\n\n\n\n\t<div class=\"wpb_raw_code wpb_raw_html wpb_content_element\" >\n\t\t<div class=\"wpb_wrapper\">\n\t\t\t<a href=\"https:\/\/maps.app.goo.gl\/8fHcr6138ySerkAt9\" target=\"_blank\" class=\"btn-direction\">Wegbeschreibung<\/a>\n\t\t<\/div>\n\t<\/div>\n\n\t\t\t<\/div> \n\t\t<\/div>\n\t<\/div> \n\n\t<div  class=\"vc_col-sm-4 office-block wpb_column column_container vc_column_container col has-animation padding-3-percent padding-3-percent_tablet padding-4-percent_phone tl_br_35px tr_br_35px bl_br_35px br_br_35px \"  data-padding-pos=\"all\" data-has-bg-color=\"false\" data-bg-color=\"\" data-bg-opacity=\"1\" data-animation=\"fade-in-from-bottom\" data-delay=\"450\" >\n\t\t<div class=\"vc_column-inner\" >\n\t\t\t<div class=\"wpb_wrapper\">\n\t\t\t\t\n\t<div class=\"wpb_raw_code wpb_raw_html wpb_content_element\" >\n\t\t<div class=\"wpb_wrapper\">\n\t\t\t<div class=\"office-label\">B\u00fcro<\/div>\n\t\t<\/div>\n\t<\/div>\n\n<div class=\"wpb_text_column wpb_content_element  office-txt\" >\n\t<div class=\"wpb_wrapper\">\n\t\t<h5 style=\"font-weight: 400;\">Frankreich<\/h5>\n\t<\/div>\n<\/div>\n\n\n\n\n<div class=\"wpb_text_column wpb_content_element  office-txt\" >\n\t<div class=\"wpb_wrapper\">\n\t\t<h6>Paris<\/h6>\n<p>14 Rue Dunkerque, 75010<br \/>\n+33 97 303 4421<\/p>\n\t<\/div>\n<\/div>\n\n\n\n\n\t<div class=\"wpb_raw_code wpb_raw_html wpb_content_element\" >\n\t\t<div class=\"wpb_wrapper\">\n\t\t\t<a href=\"https:\/\/maps.app.goo.gl\/ZiCnTTxJbx2gcekf6\" target=\"_blank\" class=\"btn-direction\">Wegbeschreibung<\/a>\n\t\t<\/div>\n\t<\/div>\n\n\t\t\t<\/div> \n\t\t<\/div>\n\t<\/div> \n<\/div><\/div>\n\t\t<div id=\"fws_69d7ec0f1e218\"  data-column-margin=\"20px\" data-midnight=\"dark\"  class=\"wpb_row vc_row-fluid vc_row vc_row-o-equal-height vc_row-flex\"  style=\"padding-top: 0px; padding-bottom: 0px; \"><div class=\"row-bg-wrap\" data-bg-animation=\"none\" data-bg-animation-delay=\"\" data-bg-overlay=\"false\"><div class=\"inner-wrap row-bg-layer\" ><div class=\"row-bg viewport-desktop\"  style=\"\"><\/div><\/div><\/div><div class=\"row_col_wrap_12 col span_12 dark left\">\n\t<div  class=\"vc_col-sm-4 office-block wpb_column column_container vc_column_container col has-animation padding-3-percent padding-3-percent_tablet padding-4-percent_phone tl_br_35px tr_br_35px bl_br_35px br_br_35px \"  data-padding-pos=\"all\" data-has-bg-color=\"false\" data-bg-color=\"\" data-bg-opacity=\"1\" data-animation=\"fade-in-from-bottom\" data-delay=\"300\" >\n\t\t<div class=\"vc_column-inner\" >\n\t\t\t<div class=\"wpb_wrapper\">\n\t\t\t\t\n\t<div class=\"wpb_raw_code wpb_raw_html wpb_content_element\" >\n\t\t<div class=\"wpb_wrapper\">\n\t\t\t<div class=\"office-label\">B\u00fcro<\/div>\n\t\t<\/div>\n\t<\/div>\n\n<div class=\"wpb_text_column wpb_content_element  office-txt\" >\n\t<div class=\"wpb_wrapper\">\n\t\t<h5 style=\"font-weight: 400;\">Deutchland<\/h5>\n\t<\/div>\n<\/div>\n\n\n\n\n<div class=\"wpb_text_column wpb_content_element  office-txt\" >\n\t<div class=\"wpb_wrapper\">\n\t\t<h6>Berlin<\/h6>\n<p>Pariser Platz 6a, D-10117<br \/>\n+49 30300 149 3346<\/p>\n\t<\/div>\n<\/div>\n\n\n\n\n\t<div class=\"wpb_raw_code wpb_raw_html wpb_content_element\" >\n\t\t<div class=\"wpb_wrapper\">\n\t\t\t<a href=\"https:\/\/maps.app.goo.gl\/GrubYSSyrFNH4wHM8\" target=\"_blank\" class=\"btn-direction\">Wegbeschreibung<\/a>\n\t\t<\/div>\n\t<\/div>\n\n\t\t\t<\/div> \n\t\t<\/div>\n\t<\/div> \n\n\t<div  class=\"vc_col-sm-4 office-block wpb_column column_container vc_column_container col has-animation padding-3-percent padding-3-percent_tablet padding-4-percent_phone tl_br_35px tr_br_35px bl_br_35px br_br_35px \"  data-padding-pos=\"all\" data-has-bg-color=\"false\" data-bg-color=\"\" data-bg-opacity=\"1\" data-animation=\"fade-in-from-bottom\" data-delay=\"450\" >\n\t\t<div class=\"vc_column-inner\" >\n\t\t\t<div class=\"wpb_wrapper\">\n\t\t\t\t\n\t<div class=\"wpb_raw_code wpb_raw_html wpb_content_element\" >\n\t\t<div class=\"wpb_wrapper\">\n\t\t\t<div class=\"office-label\">B\u00fcro<\/div>\n\t\t<\/div>\n\t<\/div>\n\n<div class=\"wpb_text_column wpb_content_element  office-txt\" >\n\t<div class=\"wpb_wrapper\">\n\t\t<h5 style=\"font-weight: 400;\">Belgien<\/h5>\n\t<\/div>\n<\/div>\n\n\n\n\n<div class=\"wpb_text_column wpb_content_element  office-txt\" >\n\t<div class=\"wpb_wrapper\">\n\t\t<h6>Br\u00fcssel<\/h6>\n<p>Rue du Congr\u00e8s 35, 1000<br \/>\n+32 222 727 45<\/p>\n\t<\/div>\n<\/div>\n\n\n\n\n\t<div class=\"wpb_raw_code wpb_raw_html wpb_content_element\" >\n\t\t<div class=\"wpb_wrapper\">\n\t\t\t<a href=\"https:\/\/maps.app.goo.gl\/DtKMf8a3SXB448cJ8\" target=\"_blank\" class=\"btn-direction\">Wegbeschreibung<\/a>\n\t\t<\/div>\n\t<\/div>\n\n\t\t\t<\/div> \n\t\t<\/div>\n\t<\/div> \n\n\t<div  class=\"vc_col-sm-4 wpb_column column_container vc_column_container col has-animation no-extra-padding inherit_tablet inherit_phone tl_br_35px tr_br_35px bl_br_35px br_br_35px \"  data-padding-pos=\"all\" data-has-bg-color=\"false\" data-bg-color=\"\" data-bg-opacity=\"1\" data-animation=\"fade-in-from-bottom\" data-delay=\"450\" >\n\t\t<div class=\"vc_column-inner\" >\n\t\t\t<div class=\"wpb_wrapper\">\n\t\t\t\t\n\t\t\t<\/div> \n\t\t<\/div>\n\t<\/div> \n<\/div><\/div>\n\t\t<div id=\"fws_69d7ec0f1efb5\"  data-column-margin=\"10px\" data-midnight=\"dark\"  class=\"wpb_row vc_row-fluid vc_row vc_row-o-equal-height vc_row-flex  top_padding_tablet_80px top_padding_phone_50px bottom_padding_tablet_70px bottom_padding_phone_50px\"  style=\"padding-top: 130px; padding-bottom: 100px; \"><div class=\"row-bg-wrap\" data-bg-animation=\"none\" data-bg-animation-delay=\"\" data-bg-overlay=\"false\"><div class=\"inner-wrap row-bg-layer\" ><div class=\"row-bg viewport-desktop\"  style=\"\"><\/div><\/div><\/div><div class=\"row_col_wrap_12 col span_12 dark left\">\n\t<div  class=\"vc_col-sm-7 wpb_column column_container vc_column_container col has-animation no-extra-padding inherit_tablet inherit_phone col-overflow-hidden \"  data-border-radius=\"50px\" data-padding-pos=\"all\" data-has-bg-color=\"false\" data-bg-color=\"\" data-bg-opacity=\"1\" data-animation=\"fade-in-from-bottom\" data-delay=\"150\" >\n\t\t<div class=\"vc_column-inner\" >\n\t\t\t<div class=\"wpb_wrapper\">\n\t\t\t\t<div class=\"img-with-aniamtion-wrap \" data-max-width=\"100%\" data-max-width-mobile=\"default\" data-shadow=\"none\" data-animation=\"none\" >\n      <div class=\"inner\">\n        <div class=\"hover-wrap\"> \n          <div class=\"hover-wrap-inner\">\n            <img decoding=\"async\" class=\"img-with-animation skip-lazy\" data-delay=\"0\" height=\"635\" width=\"1040\" data-animation=\"none\" src=\"https:\/\/flexado.com\/wp-content\/uploads\/2025\/06\/FLX-contact-img-1.jpg\" alt=\"\" srcset=\"https:\/\/flexado.com\/wp-content\/uploads\/2025\/06\/FLX-contact-img-1.jpg 1040w, https:\/\/flexado.com\/wp-content\/uploads\/2025\/06\/FLX-contact-img-1-300x183.jpg 300w, https:\/\/flexado.com\/wp-content\/uploads\/2025\/06\/FLX-contact-img-1-1024x625.jpg 1024w, https:\/\/flexado.com\/wp-content\/uploads\/2025\/06\/FLX-contact-img-1-768x469.jpg 768w\" sizes=\"(max-width: 1040px) 100vw, 1040px\" \/>\n          <\/div>\n        <\/div>\n      <\/div>\n    <\/div>\n\t\t\t<\/div> \n\t\t<\/div>\n\t<\/div> \n\n\t<div style=\"\" class=\"vc_col-sm-5 wpb_column column_container vc_column_container col has-animation padding-4-percent padding-4-percent_tablet padding-4-percent_phone \" data-using-bg=\"true\" data-border-radius=\"50px\" data-padding-pos=\"all\" data-has-bg-color=\"true\" data-bg-color=\"#f8f4f2\" data-bg-opacity=\"1\" data-animation=\"fade-in-from-bottom\" data-delay=\"300\" >\n\t\t<div class=\"vc_column-inner\" ><div class=\"column-bg-overlay-wrap column-bg-layer\" data-bg-animation=\"none\"><div class=\"column-bg-overlay\" style=\"opacity: 1; background-color: #f8f4f2;\"><\/div><\/div>\n\t\t\t<div class=\"wpb_wrapper\">\n\t\t\t\t\n<div class=\"wpb_text_column wpb_content_element  office-txt\" >\n\t<div class=\"wpb_wrapper\">\n\t\t<h5 style=\"font-weight: 400;\">Allgemeine Informationen<\/h5>\n\t<\/div>\n<\/div>\n\n\n\n\n<div class=\"wpb_text_column wpb_content_element  office-txt\" >\n\t<div class=\"wpb_wrapper\">\n\t\t<h6>Flexado B.V.<\/h6>\n<p>CoC: 53180712<br \/>\nUSt-ID: NL823428060B01<\/p>\n\t<\/div>\n<\/div>\n\n\n\n\n\t<div class=\"wpb_raw_code wpb_raw_html wpb_content_element\" >\n\t\t<div class=\"wpb_wrapper\">\n\t\t\t<a href=\"https:\/\/flexado.com\/de\/dokumente\/\" target=\"_blank\" class=\"btn-direction\">Dokumente<\/a>\n\t\t<\/div>\n\t<\/div>\n\n\t\t\t<\/div> \n\t\t<\/div>\n\t<\/div> \n<\/div><\/div>\n"},"excerpt":{"rendered":"<p>[vc_row type=&#8220;full_width_background&#8220; full_screen_row_position=&#8220;middle&#8220; column_margin=&#8220;default&#8220; column_direction=&#8220;default&#8220; column_direction_tablet=&#8220;default&#8220; column_direction_phone=&#8220;default&#8220; scene_position=&#8220;center&#8220; top_padding=&#8220;70&#8243; bottom_padding=&#8220;30&#8243; top_padding_tablet=&#8220;60&#8243; bottom_padding_tablet=&#8220;30&#8243; top_padding_phone=&#8220;50&#8243; bottom_padding_phone=&#8220;20&#8243; text_color=&#8220;dark&#8220; text_align=&#8220;left&#8220; row_border_radius=&#8220;none&#8220; row_border_radius_applies=&#8220;bg&#8220; overflow=&#8220;visible&#8220; class=&#8220;bg-top-rounded&#8220; enable_gradient=&#8220;true&#8220; color_overlay=&#8220;#f9f5f3&#8243; overlay_strength=&#8220;1&#8243; gradient_direction=&#8220;top_to_bottom&#8220; shape_divider_position=&#8220;bottom&#8220; bg_image_animation=&#8220;none&#8220; gradient_type=&#8220;default&#8220; shape_type=&#8220;&#8220;][vc_column column_padding=&#8220;no-extra-padding&#8220; column_padding_tablet=&#8220;inherit&#8220;&#8230;<\/p>\n","protected":false},"author":3,"featured_media":0,"parent":0,"menu_order":0,"comment_status":"closed","ping_status":"closed","template":"","meta":{"inline_featured_image":false,"footnotes":""},"class_list":["post-23569","page","type-page","status-publish"],"yoast_head":"<!-- This site is optimized with the Yoast SEO plugin v24.2 - https:\/\/yoast.com\/wordpress\/plugins\/seo\/ -->\n<title>Kontakt mit Flexado | Registriere noch heute dein virtuelles B\u00fcro!<\/title>\n<meta name=\"description\" content=\"Fragen zu einem virtuellen B\u00fcro oder zu unseren zus\u00e4tzlichen Dienstleistungen? Kontaktieren Sie einfach Flexado. Wir helfen Ihnen gerne weiter!\" \/>\n<meta name=\"robots\" content=\"index, follow, max-snippet:-1, max-image-preview:large, max-video-preview:-1\" \/>\n<link rel=\"canonical\" href=\"https:\/\/flexado.com\/de\/kontakt\/\" \/>\n<meta property=\"og:locale\" content=\"de_DE\" \/>\n<meta property=\"og:type\" content=\"article\" \/>\n<meta property=\"og:title\" content=\"Kontakt mit Flexado | Registriere noch heute dein virtuelles B\u00fcro!\" \/>\n<meta property=\"og:description\" content=\"Fragen zu einem virtuellen B\u00fcro oder zu unseren zus\u00e4tzlichen Dienstleistungen? Kontaktieren Sie einfach Flexado. Wir helfen Ihnen gerne weiter!\" \/>\n<meta property=\"og:url\" content=\"https:\/\/flexado.com\/de\/kontakt\/\" \/>\n<meta property=\"og:site_name\" content=\"Flexado\" \/>\n<meta property=\"article:modified_time\" content=\"2025-10-02T12:36:30+00:00\" \/>\n<meta name=\"twitter:card\" content=\"summary_large_image\" \/>\n<meta name=\"twitter:label1\" content=\"Gesch\u00e4tzte Lesezeit\" \/>\n\t<meta name=\"twitter:data1\" content=\"6\u00a0Minuten\" \/>\n<script type=\"application\/ld+json\" class=\"yoast-schema-graph\">{\"@context\":\"https:\/\/schema.org\",\"@graph\":[{\"@type\":\"WebPage\",\"@id\":\"https:\/\/flexado.com\/de\/kontakt\/\",\"url\":\"https:\/\/flexado.com\/de\/kontakt\/\",\"name\":\"Kontakt mit Flexado | Registriere noch heute dein virtuelles B\u00fcro!\",\"isPartOf\":{\"@id\":\"https:\/\/flexado.com\/de\/#website\"},\"datePublished\":\"2022-10-12T11:46:43+00:00\",\"dateModified\":\"2025-10-02T12:36:30+00:00\",\"description\":\"Fragen zu einem virtuellen B\u00fcro oder zu unseren zus\u00e4tzlichen Dienstleistungen? Kontaktieren Sie einfach Flexado. Wir helfen Ihnen gerne weiter!\",\"breadcrumb\":{\"@id\":\"https:\/\/flexado.com\/de\/kontakt\/#breadcrumb\"},\"inLanguage\":\"de\",\"potentialAction\":[{\"@type\":\"ReadAction\",\"target\":[\"https:\/\/flexado.com\/de\/kontakt\/\"]}]},{\"@type\":\"BreadcrumbList\",\"@id\":\"https:\/\/flexado.com\/de\/kontakt\/#breadcrumb\",\"itemListElement\":[{\"@type\":\"ListItem\",\"position\":1,\"name\":\"Home\",\"item\":\"https:\/\/flexado.com\/de\/home-konzept\/\"},{\"@type\":\"ListItem\",\"position\":2,\"name\":\"Kontakt\"}]},{\"@type\":\"WebSite\",\"@id\":\"https:\/\/flexado.com\/de\/#website\",\"url\":\"https:\/\/flexado.com\/de\/\",\"name\":\"Flexado\",\"description\":\"Freedom of Choice. Any Time, Any Place, Anywhere\",\"potentialAction\":[{\"@type\":\"SearchAction\",\"target\":{\"@type\":\"EntryPoint\",\"urlTemplate\":\"https:\/\/flexado.com\/de\/?s={search_term_string}\"},\"query-input\":{\"@type\":\"PropertyValueSpecification\",\"valueRequired\":true,\"valueName\":\"search_term_string\"}}],\"inLanguage\":\"de\"}]}<\/script>\n<!-- \/ Yoast SEO plugin. -->","yoast_head_json":{"title":"Kontakt mit Flexado | Registriere noch heute dein virtuelles B\u00fcro!","description":"Fragen zu einem virtuellen B\u00fcro oder zu unseren zus\u00e4tzlichen Dienstleistungen? Kontaktieren Sie einfach Flexado. Wir helfen Ihnen gerne weiter!","robots":{"index":"index","follow":"follow","max-snippet":"max-snippet:-1","max-image-preview":"max-image-preview:large","max-video-preview":"max-video-preview:-1"},"canonical":"https:\/\/flexado.com\/de\/kontakt\/","og_locale":"de_DE","og_type":"article","og_title":"Kontakt mit Flexado | Registriere noch heute dein virtuelles B\u00fcro!","og_description":"Fragen zu einem virtuellen B\u00fcro oder zu unseren zus\u00e4tzlichen Dienstleistungen? Kontaktieren Sie einfach Flexado. Wir helfen Ihnen gerne weiter!","og_url":"https:\/\/flexado.com\/de\/kontakt\/","og_site_name":"Flexado","article_modified_time":"2025-10-02T12:36:30+00:00","twitter_card":"summary_large_image","twitter_misc":{"Gesch\u00e4tzte Lesezeit":"6\u00a0Minuten"},"schema":{"@context":"https:\/\/schema.org","@graph":[{"@type":"WebPage","@id":"https:\/\/flexado.com\/de\/kontakt\/","url":"https:\/\/flexado.com\/de\/kontakt\/","name":"Kontakt mit Flexado | Registriere noch heute dein virtuelles B\u00fcro!","isPartOf":{"@id":"https:\/\/flexado.com\/de\/#website"},"datePublished":"2022-10-12T11:46:43+00:00","dateModified":"2025-10-02T12:36:30+00:00","description":"Fragen zu einem virtuellen B\u00fcro oder zu unseren zus\u00e4tzlichen Dienstleistungen? Kontaktieren Sie einfach Flexado. Wir helfen Ihnen gerne weiter!","breadcrumb":{"@id":"https:\/\/flexado.com\/de\/kontakt\/#breadcrumb"},"inLanguage":"de","potentialAction":[{"@type":"ReadAction","target":["https:\/\/flexado.com\/de\/kontakt\/"]}]},{"@type":"BreadcrumbList","@id":"https:\/\/flexado.com\/de\/kontakt\/#breadcrumb","itemListElement":[{"@type":"ListItem","position":1,"name":"Home","item":"https:\/\/flexado.com\/de\/home-konzept\/"},{"@type":"ListItem","position":2,"name":"Kontakt"}]},{"@type":"WebSite","@id":"https:\/\/flexado.com\/de\/#website","url":"https:\/\/flexado.com\/de\/","name":"Flexado","description":"Freedom of Choice. Any Time, Any Place, Anywhere","potentialAction":[{"@type":"SearchAction","target":{"@type":"EntryPoint","urlTemplate":"https:\/\/flexado.com\/de\/?s={search_term_string}"},"query-input":{"@type":"PropertyValueSpecification","valueRequired":true,"valueName":"search_term_string"}}],"inLanguage":"de"}]}},"_links":{"self":[{"href":"https:\/\/flexado.com\/de\/wp-json\/wp\/v2\/pages\/23569","targetHints":{"allow":["GET"]}}],"collection":[{"href":"https:\/\/flexado.com\/de\/wp-json\/wp\/v2\/pages"}],"about":[{"href":"https:\/\/flexado.com\/de\/wp-json\/wp\/v2\/types\/page"}],"author":[{"embeddable":true,"href":"https:\/\/flexado.com\/de\/wp-json\/wp\/v2\/users\/3"}],"replies":[{"embeddable":true,"href":"https:\/\/flexado.com\/de\/wp-json\/wp\/v2\/comments?post=23569"}],"version-history":[{"count":98,"href":"https:\/\/flexado.com\/de\/wp-json\/wp\/v2\/pages\/23569\/revisions"}],"predecessor-version":[{"id":78373,"href":"https:\/\/flexado.com\/de\/wp-json\/wp\/v2\/pages\/23569\/revisions\/78373"}],"wp:attachment":[{"href":"https:\/\/flexado.com\/de\/wp-json\/wp\/v2\/media?parent=23569"}],"curies":[{"name":"wp","href":"https:\/\/api.w.org\/{rel}","templated":true}]}}