{"id":23355,"date":"2022-10-28T07:52:27","date_gmt":"2022-10-28T05:52:27","guid":{"rendered":"https:\/\/test.flexado.com\/documents\/"},"modified":"2026-01-05T11:38:18","modified_gmt":"2026-01-05T10:38:18","slug":"documents","status":"publish","type":"page","link":"https:\/\/flexado.com\/be-fr\/documents\/","title":{"rendered":"Documents"},"content":{"rendered":"\n\t\t<div id=\"fws_69d7dc4016242\"  data-column-margin=\"default\" data-midnight=\"dark\"  class=\"wpb_row vc_row-fluid vc_row full-width-section bg-top-rounded top_padding_tablet_60px top_padding_phone_50px bottom_padding_tablet_60px bottom_padding_phone_50px\"  style=\"padding-top: 70px; padding-bottom: 70px; \"><div class=\"row-bg-wrap\" data-bg-animation=\"none\" data-bg-animation-delay=\"\" data-bg-overlay=\"true\"><div class=\"inner-wrap row-bg-layer\" ><div class=\"row-bg viewport-desktop\"  style=\"\"><\/div><\/div><div class=\"row-bg-overlay row-bg-layer\" style=\"background: linear-gradient(to bottom,#f9f5f3 0%,rgba(255,255,255,0.001) 75%);  opacity: 1; \"><\/div><\/div><div class=\"row_col_wrap_12 col span_12 dark left\">\n\t<div  class=\"vc_col-sm-12 wpb_column column_container vc_column_container col no-extra-padding inherit_tablet inherit_phone \"  data-padding-pos=\"all\" data-has-bg-color=\"false\" data-bg-color=\"\" data-bg-opacity=\"1\" data-animation=\"\" data-delay=\"0\" >\n\t\t<div class=\"vc_column-inner\" >\n\t\t\t<div class=\"wpb_wrapper\">\n\t\t\t\t<div id=\"fws_69d7dc4018001\" data-midnight=\"\" data-column-margin=\"default\" class=\"wpb_row vc_row-fluid vc_row inner_row vc_row-o-equal-height vc_row-flex vc_row-o-content-bottom\"  style=\"padding-bottom: 50px; \"><div class=\"row-bg-wrap\"> <div class=\"row-bg\" ><\/div> <\/div><div class=\"row_col_wrap_12_inner col span_12  left\">\n\t<div  class=\"vc_col-sm-3\/5 wpb_column column_container vc_column_container col child_column no-extra-padding inherit_tablet inherit_phone \"   data-padding-pos=\"all\" data-has-bg-color=\"false\" data-bg-color=\"\" data-bg-opacity=\"1\" data-animation=\"\" data-delay=\"0\" >\n\t\t<div class=\"vc_column-inner\" >\n\t\t<div class=\"wpb_wrapper\">\n\t\t\t\n\t<div class=\"wpb_raw_code wpb_raw_html wpb_content_element\" >\n\t\t<div class=\"wpb_wrapper\">\n\t\t\t<div class=\"office-label\">T\u00e9l\u00e9chargements<\/div>\n\t\t<\/div>\n\t<\/div>\n<h1 style=\"font-size: 78px;line-height: 100%;text-align: left\" class=\"vc_custom_heading vc_do_custom_heading\" >Nous avons tout rassembl\u00e9 pour vous<\/h1>\n\t\t<\/div> \n\t<\/div>\n\t<\/div> \n\n\t<div  class=\"vc_col-sm-2\/5 wpb_column column_container vc_column_container col child_column no-extra-padding inherit_tablet inherit_phone \"   data-padding-pos=\"all\" data-has-bg-color=\"false\" data-bg-color=\"\" data-bg-opacity=\"1\" data-animation=\"\" data-delay=\"0\" >\n\t\t<div class=\"vc_column-inner\" >\n\t\t<div class=\"wpb_wrapper\">\n\t\t\t\n<div class=\"wpb_text_column wpb_content_element  intro-txt\" >\n\t<div class=\"wpb_wrapper\">\n\t\t<p>Cette page vous permet de consulter et de t\u00e9l\u00e9charger facilement nos conditions g\u00e9n\u00e9rales et autres documents importants. Vous avez des questions concernant l&rsquo;un de ces documents ou conditions?  Si tel est le cas, n&rsquo;h\u00e9sitez pas \u00e0 nous contacter.<\/p>\n\t<\/div>\n<\/div>\n\n\n\n\n\t\t<\/div> \n\t<\/div>\n\t<\/div> \n<\/div><\/div>\n\t\t\t<\/div> \n\t\t<\/div>\n\t<\/div> \n<\/div><\/div>\n\t\t<div id=\"fws_69d7dc4018caf\"  data-column-margin=\"default\" data-midnight=\"dark\"  class=\"wpb_row vc_row-fluid vc_row full-width-section  bottom_padding_tablet_100px bottom_padding_phone_50px\"  style=\"padding-top: 0px; padding-bottom: 150px; \"><div class=\"row-bg-wrap\" data-bg-animation=\"none\" data-bg-animation-delay=\"\" data-bg-overlay=\"false\"><div class=\"inner-wrap row-bg-layer\" ><div class=\"row-bg viewport-desktop\"  style=\"\"><\/div><\/div><\/div><div class=\"row_col_wrap_12 col span_12 dark left\">\n\t<div  class=\"vc_col-sm-12 wpb_column column_container vc_column_container col no-extra-padding inherit_tablet inherit_phone \"  data-padding-pos=\"all\" data-has-bg-color=\"false\" data-bg-color=\"\" data-bg-opacity=\"1\" data-animation=\"\" data-delay=\"0\" >\n\t\t<div class=\"vc_column-inner\" >\n\t\t\t<div class=\"wpb_wrapper\">\n\t\t\t\t<div id=\"fws_69d7dc4019064\" data-midnight=\"\" data-column-margin=\"20px\" class=\"wpb_row vc_row-fluid vc_row inner_row\"  style=\"\"><div class=\"row-bg-wrap\"> <div class=\"row-bg\" ><\/div> <\/div><div class=\"row_col_wrap_12_inner col span_12  left\">\n\t<div  class=\"vc_col-sm-4 wpb_column column_container vc_column_container col child_column no-extra-padding inherit_tablet inherit_phone \"   data-padding-pos=\"all\" data-has-bg-color=\"false\" data-bg-color=\"\" data-bg-opacity=\"1\" data-animation=\"\" data-delay=\"0\" >\n\t\t<div class=\"vc_column-inner\" >\n\t\t<div class=\"wpb_wrapper\">\n\t\t\t\n\t<div class=\"wpb_raw_code wpb_raw_html wpb_content_element\" >\n\t\t<div class=\"wpb_wrapper\">\n\t\t\t<a target=\"_blank\" href=\"https:\/\/documents.flexado.com\/wp-content\/uploads\/sites\/6\/2025\/08\/Flexado-Algemene-Voorwaarden-2025.1.3-EN.pdf\" class=\"download-item\">\n<img decoding=\"async\" src=\"\/wp-content\/uploads\/2025\/08\/FLX-bg-documents-4.jpg\">\n<div class=\"item-content\">\n<span class=\"item-txt\">Conditions g\u00e9n\u00e9rales<br><i>Flexado B.V.<\/i><\/span>\n<span class=\"item-go-circle\"><\/span>\n<\/div>\n<\/a>\n\t\t<\/div>\n\t<\/div>\n\n\t\t<\/div> \n\t<\/div>\n\t<\/div> \n\n\t<div  class=\"vc_col-sm-4 wpb_column column_container vc_column_container col child_column no-extra-padding inherit_tablet inherit_phone \"   data-padding-pos=\"all\" data-has-bg-color=\"false\" data-bg-color=\"\" data-bg-opacity=\"1\" data-animation=\"\" data-delay=\"0\" >\n\t\t<div class=\"vc_column-inner\" >\n\t\t<div class=\"wpb_wrapper\">\n\t\t\t\n\t<div class=\"wpb_raw_code wpb_raw_html wpb_content_element\" >\n\t\t<div class=\"wpb_wrapper\">\n\t\t\t<a target=\"_blank\" href=\"https:\/\/documents.flexado.com\/wp-content\/uploads\/sites\/6\/2025\/02\/Flexado-Privacy-Policy-2025-EN.pdf\" class=\"download-item\">\n<img decoding=\"async\" src=\"\/wp-content\/uploads\/2025\/08\/FLX-bg-documents-3.jpg\">\n<div class=\"item-content\">\n<span class=\"item-txt\">Politique de confidentialit\u00e9<br><i>Flexado B.V.<\/i><\/span>\n<span class=\"item-go-circle\"><\/span>\n<\/div>\n<\/a>\n\t\t<\/div>\n\t<\/div>\n\n\t\t<\/div> \n\t<\/div>\n\t<\/div> \n\n\t<div  class=\"vc_col-sm-4 wpb_column column_container vc_column_container col child_column no-extra-padding inherit_tablet inherit_phone \"   data-padding-pos=\"all\" data-has-bg-color=\"false\" data-bg-color=\"\" data-bg-opacity=\"1\" data-animation=\"\" data-delay=\"0\" >\n\t\t<div class=\"vc_column-inner\" >\n\t\t<div class=\"wpb_wrapper\">\n\t\t\t\n\t<div class=\"wpb_raw_code wpb_raw_html wpb_content_element\" >\n\t\t<div class=\"wpb_wrapper\">\n\t\t\t<a target=\"_blank\" href=\"https:\/\/flexado.com\/wp-content\/uploads\/2023\/01\/Belkosten-internationaal-Flexado-telecom-1.pdf\" class=\"download-item\">\n<img decoding=\"async\" src=\"\/wp-content\/uploads\/2025\/08\/FLX-bg-documents-5.jpg\">\n<div class=\"item-content\">\n<span class=\"item-txt\">Frais d'appels internationaux<br><i>Flexado telecom<\/i><\/span>\n<span class=\"item-go-circle\"><\/span>\n<\/div>\n<\/a>\n\t\t<\/div>\n\t<\/div>\n\n\t\t<\/div> \n\t<\/div>\n\t<\/div> \n<\/div><\/div><div id=\"fws_69d7dc4019854\" data-midnight=\"\" data-column-margin=\"20px\" class=\"wpb_row vc_row-fluid vc_row inner_row\"  style=\"\"><div class=\"row-bg-wrap\"> <div class=\"row-bg\" ><\/div> <\/div><div class=\"row_col_wrap_12_inner col span_12  left\">\n\t<div  class=\"vc_col-sm-4 wpb_column column_container vc_column_container col child_column no-extra-padding inherit_tablet inherit_phone \"   data-padding-pos=\"all\" data-has-bg-color=\"false\" data-bg-color=\"\" data-bg-opacity=\"1\" data-animation=\"\" data-delay=\"0\" >\n\t\t<div class=\"vc_column-inner\" >\n\t\t<div class=\"wpb_wrapper\">\n\t\t\t\n\t<div class=\"wpb_raw_code wpb_raw_html wpb_content_element\" >\n\t\t<div class=\"wpb_wrapper\">\n\t\t\t<a target=\"_blank\" href=\"https:\/\/flexado.com\/wp-content\/uploads\/2022\/11\/UBO-form-Flexado-EN.pdf\" class=\"download-item\">\n<img decoding=\"async\" src=\"\/wp-content\/uploads\/2025\/08\/FLX-bg-documents-8.jpg\">\n<div class=\"item-content\">\n<span class=\"item-txt\">Formulaire des b\u00e9n\u00e9ficiaires effectifs<br><i>Flexado B.V.<\/i><\/span>\n<span class=\"item-go-circle\"><\/span>\n<\/div>\n<\/a>\n\t\t<\/div>\n\t<\/div>\n\n\t\t<\/div> \n\t<\/div>\n\t<\/div> \n\n\t<div  class=\"vc_col-sm-4 wpb_column column_container vc_column_container col child_column no-extra-padding inherit_tablet inherit_phone \"   data-padding-pos=\"all\" data-has-bg-color=\"false\" data-bg-color=\"\" data-bg-opacity=\"1\" data-animation=\"\" data-delay=\"0\" >\n\t\t<div class=\"vc_column-inner\" >\n\t\t<div class=\"wpb_wrapper\">\n\t\t\t\n\t<div class=\"wpb_raw_code wpb_raw_html wpb_content_element\" >\n\t\t<div class=\"wpb_wrapper\">\n\t\t\t<a target=\"_blank\" href=\"\/wp-content\/uploads\/2026\/01\/FLX-AML-documentation-2026.pdf\" class=\"download-item\">\n<img decoding=\"async\" src=\"\/wp-content\/uploads\/2025\/08\/FLX-bg-documents-9.jpg\">\n<div class=\"item-content\">\n<span class=\"item-txt\">AML: Informations requises<br><i>T\u00e9l\u00e9charger<\/i><\/span>\n<span class=\"item-go-circle\"><\/span>\n<\/div>\n<\/a>\n\t\t<\/div>\n\t<\/div>\n\n\t\t<\/div> \n\t<\/div>\n\t<\/div> \n\n\t<div  class=\"vc_col-sm-4 wpb_column column_container vc_column_container col child_column no-extra-padding inherit_tablet inherit_phone \"   data-padding-pos=\"all\" data-has-bg-color=\"false\" data-bg-color=\"\" data-bg-opacity=\"1\" data-animation=\"\" data-delay=\"0\" >\n\t\t<div class=\"vc_column-inner\" >\n\t\t<div class=\"wpb_wrapper\">\n\t\t\t\n\t\t<\/div> \n\t<\/div>\n\t<\/div> \n<\/div><\/div>\n\t\t\t<\/div> \n\t\t<\/div>\n\t<\/div> \n<\/div><\/div>\n\t\t<div id=\"fws_69d7dc401a1e8\"  data-column-margin=\"default\" data-midnight=\"light\"  class=\"wpb_row vc_row-fluid vc_row full-width-section bg-top-rounded top_padding_tablet_70px top_padding_phone_25px bottom_padding_tablet_70px bottom_padding_phone_25px\"  style=\"padding-top: 100px; padding-bottom: 100px; \"><div class=\"row-bg-wrap\" data-bg-animation=\"none\" data-bg-animation-delay=\"\" data-bg-overlay=\"true\"><div class=\"inner-wrap row-bg-layer\" ><div class=\"row-bg viewport-desktop\"  style=\"\"><\/div><\/div><div class=\"row-bg-overlay row-bg-layer\" style=\"background-color:#f8f4f2;  opacity: 1; \"><\/div><\/div><div class=\"row_col_wrap_12 col span_12 light left\">\n\t<div  class=\"vc_col-sm-12 wpb_column column_container vc_column_container col no-extra-padding inherit_tablet inherit_phone \"  data-padding-pos=\"all\" data-has-bg-color=\"false\" data-bg-color=\"\" data-bg-opacity=\"1\" data-animation=\"\" data-delay=\"0\" >\n\t\t<div class=\"vc_column-inner\" >\n\t\t\t<div class=\"wpb_wrapper\">\n\t\t\t\t<div id=\"fws_69d7dc401a524\" data-midnight=\"\" data-column-margin=\"default\" class=\"wpb_row vc_row-fluid vc_row inner_row vc_row-o-equal-height vc_row-flex vc_row-o-content-middle\"  style=\"\"><div class=\"row-bg-wrap\"> <div class=\"row-bg\" ><\/div> <\/div><div class=\"row_col_wrap_12_inner col span_12  left\">\n\t<div style=\" color: #b7a7a1;\" class=\"vc_col-sm-8 row-header wpb_column column_container vc_column_container col child_column no-extra-padding inherit_tablet padding-1-percent_phone \" data-cfc=\"true\"  data-padding-pos=\"all\" data-has-bg-color=\"false\" data-bg-color=\"\" data-bg-opacity=\"1\" data-animation=\"\" data-delay=\"0\" >\n\t\t<div class=\"vc_column-inner\" >\n\t\t<div class=\"wpb_wrapper\">\n\t\t\t\n<div class=\"wpb_text_column wpb_content_element \" >\n\t<div class=\"wpb_wrapper\">\n\t\t<h2>Nous aimons faciliter votre r\u00e9ussite! Pr\u00eat \u00e0 vous lancer?<\/h2>\n\t<\/div>\n<\/div>\n\n\n\n\n\t<div class=\"wpb_raw_code wpb_raw_html wpb_content_element\" >\n\t\t<div class=\"wpb_wrapper\">\n\t\t\t<div class=\"header-google-col\">\n<div class=\"header-google-item\">\n<img decoding=\"async\" src=\"\/wp-content\/uploads\/sites\/2\/2023\/12\/Flexado-google-icon-logo.svg\">\n<span class=\"SP-text\">Note 4,7 \u2014 Plus de 20 000 clients accompagn\u00e9s<\/span>\n<\/div>\n<\/div>\n\t\t<\/div>\n\t<\/div>\n\n\t\t<\/div> \n\t<\/div>\n\t<\/div> \n\n\t<div  class=\"vc_col-sm-4 wpb_column column_container vc_column_container col child_column no-extra-padding force-desktop-text-align-right force-tablet-text-align-left force-phone-text-align-left inherit_tablet inherit_phone \"   data-padding-pos=\"all\" data-has-bg-color=\"false\" data-bg-color=\"\" data-bg-opacity=\"1\" data-animation=\"\" data-delay=\"0\" >\n\t\t<div class=\"vc_column-inner\" >\n\t\t<div class=\"wpb_wrapper\">\n\t\t\t\n\t<div class=\"wpb_raw_code wpb_raw_html wpb_content_element\" >\n\t\t<div class=\"wpb_wrapper\">\n\t\t\t<a href=\"https:\/\/checkout.flexado.com\/ca-fr\" class=\"CTA-btn-arrow\">\n<div class=\"btn-txt\">Composez<\/div>\n<div class=\"btn-arrow\"><\/div>\n<\/a>\n\t\t<\/div>\n\t<\/div>\n\n\t\t<\/div> \n\t<\/div>\n\t<\/div> \n<\/div><\/div>\n\t\t\t<\/div> \n\t\t<\/div>\n\t<\/div> \n<\/div><\/div>\n"},"excerpt":{"rendered":"<p>[vc_row type=\u00a0\u00bbfull_width_background\u00a0\u00bb full_screen_row_position=\u00a0\u00bbmiddle\u00a0\u00bb column_margin=\u00a0\u00bbdefault\u00a0\u00bb column_direction=\u00a0\u00bbdefault\u00a0\u00bb column_direction_tablet=\u00a0\u00bbdefault\u00a0\u00bb column_direction_phone=\u00a0\u00bbdefault\u00a0\u00bb scene_position=\u00a0\u00bbcenter\u00a0\u00bb top_padding=\u00a0\u00bb70&Prime; constrain_group_1=\u00a0\u00bbyes\u00a0\u00bb bottom_padding=\u00a0\u00bb70&Prime; top_padding_tablet=\u00a0\u00bb60&Prime; constrain_group_3=\u00a0\u00bbyes\u00a0\u00bb bottom_padding_tablet=\u00a0\u00bb60&Prime; top_padding_phone=\u00a0\u00bb50&Prime; bottom_padding_phone=\u00a0\u00bb50&Prime; text_color=\u00a0\u00bbdark\u00a0\u00bb text_align=\u00a0\u00bbleft\u00a0\u00bb row_border_radius=\u00a0\u00bbnone\u00a0\u00bb row_border_radius_applies=\u00a0\u00bbbg\u00a0\u00bb overflow=\u00a0\u00bbvisible\u00a0\u00bb class=\u00a0\u00bbbg-top-rounded\u00a0\u00bb enable_gradient=\u00a0\u00bbtrue\u00a0\u00bb color_overlay=\u00a0\u00bb#f9f5f3&Prime; overlay_strength=\u00a0\u00bb1&Prime; gradient_direction=\u00a0\u00bbtop_to_bottom\u00a0\u00bb shape_divider_position=\u00a0\u00bbbottom\u00a0\u00bb bg_image_animation=\u00a0\u00bbnone\u00a0\u00bb gradient_type=\u00a0\u00bbdefault\u00a0\u00bb shape_type=\u00a0\u00bb\u00a0\u00bb][vc_column&#8230;<\/p>\n","protected":false},"author":3,"featured_media":0,"parent":0,"menu_order":0,"comment_status":"closed","ping_status":"closed","template":"","meta":{"inline_featured_image":false,"footnotes":""},"class_list":["post-23355","page","type-page","status-publish"],"yoast_head":"<!-- This site is optimized with the Yoast SEO plugin v24.2 - https:\/\/yoast.com\/wordpress\/plugins\/seo\/ -->\n<title>Documents importants et conditions g\u00e9n\u00e9rales | Flexado<\/title>\n<meta name=\"description\" content=\"Consultez et t\u00e9l\u00e9chargez les conditions g\u00e9n\u00e9rales de Flexado et d&#039;autres documents importants. Tout ce dont vous avez besoin, en un seul endroit.\" \/>\n<meta name=\"robots\" content=\"index, follow, max-snippet:-1, max-image-preview:large, max-video-preview:-1\" \/>\n<link rel=\"canonical\" href=\"https:\/\/flexado.com\/be-fr\/documents\/\" \/>\n<meta property=\"og:locale\" content=\"fr_FR\" \/>\n<meta property=\"og:type\" content=\"article\" \/>\n<meta property=\"og:title\" content=\"Documents importants et conditions g\u00e9n\u00e9rales | Flexado\" \/>\n<meta property=\"og:description\" content=\"Consultez et t\u00e9l\u00e9chargez les conditions g\u00e9n\u00e9rales de Flexado et d&#039;autres documents importants. Tout ce dont vous avez besoin, en un seul endroit.\" \/>\n<meta property=\"og:url\" content=\"https:\/\/flexado.com\/be-fr\/documents\/\" \/>\n<meta property=\"og:site_name\" content=\"Flexado\" \/>\n<meta property=\"article:modified_time\" content=\"2026-01-05T10:38:18+00:00\" \/>\n<meta name=\"twitter:card\" content=\"summary_large_image\" \/>\n<meta name=\"twitter:label1\" content=\"Dur\u00e9e de lecture est.\" \/>\n\t<meta name=\"twitter:data1\" content=\"4 minutes\" \/>\n<script type=\"application\/ld+json\" class=\"yoast-schema-graph\">{\"@context\":\"https:\/\/schema.org\",\"@graph\":[{\"@type\":\"WebPage\",\"@id\":\"https:\/\/flexado.com\/be-fr\/documents\/\",\"url\":\"https:\/\/flexado.com\/be-fr\/documents\/\",\"name\":\"Documents importants et conditions g\u00e9n\u00e9rales | Flexado\",\"isPartOf\":{\"@id\":\"https:\/\/flexado.com\/de\/#website\"},\"datePublished\":\"2022-10-28T05:52:27+00:00\",\"dateModified\":\"2026-01-05T10:38:18+00:00\",\"description\":\"Consultez et t\u00e9l\u00e9chargez les conditions g\u00e9n\u00e9rales de Flexado et d'autres documents importants. Tout ce dont vous avez besoin, en un seul endroit.\",\"breadcrumb\":{\"@id\":\"https:\/\/flexado.com\/be-fr\/documents\/#breadcrumb\"},\"inLanguage\":\"fr-BE\",\"potentialAction\":[{\"@type\":\"ReadAction\",\"target\":[\"https:\/\/flexado.com\/be-fr\/documents\/\"]}]},{\"@type\":\"BreadcrumbList\",\"@id\":\"https:\/\/flexado.com\/be-fr\/documents\/#breadcrumb\",\"itemListElement\":[{\"@type\":\"ListItem\",\"position\":1,\"name\":\"Home\",\"item\":\"https:\/\/flexado.com\/be-fr\/concept-daccueil\/\"},{\"@type\":\"ListItem\",\"position\":2,\"name\":\"Documents\"}]},{\"@type\":\"WebSite\",\"@id\":\"https:\/\/flexado.com\/de\/#website\",\"url\":\"https:\/\/flexado.com\/de\/\",\"name\":\"Flexado\",\"description\":\"Freedom of Choice. Any Time, Any Place, Anywhere\",\"potentialAction\":[{\"@type\":\"SearchAction\",\"target\":{\"@type\":\"EntryPoint\",\"urlTemplate\":\"https:\/\/flexado.com\/de\/?s={search_term_string}\"},\"query-input\":{\"@type\":\"PropertyValueSpecification\",\"valueRequired\":true,\"valueName\":\"search_term_string\"}}],\"inLanguage\":\"fr-BE\"}]}<\/script>\n<!-- \/ Yoast SEO plugin. -->","yoast_head_json":{"title":"Documents importants et conditions g\u00e9n\u00e9rales | Flexado","description":"Consultez et t\u00e9l\u00e9chargez les conditions g\u00e9n\u00e9rales de Flexado et d'autres documents importants. Tout ce dont vous avez besoin, en un seul endroit.","robots":{"index":"index","follow":"follow","max-snippet":"max-snippet:-1","max-image-preview":"max-image-preview:large","max-video-preview":"max-video-preview:-1"},"canonical":"https:\/\/flexado.com\/be-fr\/documents\/","og_locale":"fr_FR","og_type":"article","og_title":"Documents importants et conditions g\u00e9n\u00e9rales | Flexado","og_description":"Consultez et t\u00e9l\u00e9chargez les conditions g\u00e9n\u00e9rales de Flexado et d'autres documents importants. Tout ce dont vous avez besoin, en un seul endroit.","og_url":"https:\/\/flexado.com\/be-fr\/documents\/","og_site_name":"Flexado","article_modified_time":"2026-01-05T10:38:18+00:00","twitter_card":"summary_large_image","twitter_misc":{"Dur\u00e9e de lecture est.":"4 minutes"},"schema":{"@context":"https:\/\/schema.org","@graph":[{"@type":"WebPage","@id":"https:\/\/flexado.com\/be-fr\/documents\/","url":"https:\/\/flexado.com\/be-fr\/documents\/","name":"Documents importants et conditions g\u00e9n\u00e9rales | Flexado","isPartOf":{"@id":"https:\/\/flexado.com\/de\/#website"},"datePublished":"2022-10-28T05:52:27+00:00","dateModified":"2026-01-05T10:38:18+00:00","description":"Consultez et t\u00e9l\u00e9chargez les conditions g\u00e9n\u00e9rales de Flexado et d'autres documents importants. Tout ce dont vous avez besoin, en un seul endroit.","breadcrumb":{"@id":"https:\/\/flexado.com\/be-fr\/documents\/#breadcrumb"},"inLanguage":"fr-BE","potentialAction":[{"@type":"ReadAction","target":["https:\/\/flexado.com\/be-fr\/documents\/"]}]},{"@type":"BreadcrumbList","@id":"https:\/\/flexado.com\/be-fr\/documents\/#breadcrumb","itemListElement":[{"@type":"ListItem","position":1,"name":"Home","item":"https:\/\/flexado.com\/be-fr\/concept-daccueil\/"},{"@type":"ListItem","position":2,"name":"Documents"}]},{"@type":"WebSite","@id":"https:\/\/flexado.com\/de\/#website","url":"https:\/\/flexado.com\/de\/","name":"Flexado","description":"Freedom of Choice. Any Time, Any Place, Anywhere","potentialAction":[{"@type":"SearchAction","target":{"@type":"EntryPoint","urlTemplate":"https:\/\/flexado.com\/de\/?s={search_term_string}"},"query-input":{"@type":"PropertyValueSpecification","valueRequired":true,"valueName":"search_term_string"}}],"inLanguage":"fr-BE"}]}},"_links":{"self":[{"href":"https:\/\/flexado.com\/be-fr\/wp-json\/wp\/v2\/pages\/23355","targetHints":{"allow":["GET"]}}],"collection":[{"href":"https:\/\/flexado.com\/be-fr\/wp-json\/wp\/v2\/pages"}],"about":[{"href":"https:\/\/flexado.com\/be-fr\/wp-json\/wp\/v2\/types\/page"}],"author":[{"embeddable":true,"href":"https:\/\/flexado.com\/be-fr\/wp-json\/wp\/v2\/users\/3"}],"replies":[{"embeddable":true,"href":"https:\/\/flexado.com\/be-fr\/wp-json\/wp\/v2\/comments?post=23355"}],"version-history":[{"count":73,"href":"https:\/\/flexado.com\/be-fr\/wp-json\/wp\/v2\/pages\/23355\/revisions"}],"predecessor-version":[{"id":78924,"href":"https:\/\/flexado.com\/be-fr\/wp-json\/wp\/v2\/pages\/23355\/revisions\/78924"}],"wp:attachment":[{"href":"https:\/\/flexado.com\/be-fr\/wp-json\/wp\/v2\/media?parent=23355"}],"curies":[{"name":"wp","href":"https:\/\/api.w.org\/{rel}","templated":true}]}}