{"id":23346,"date":"2022-11-04T08:11:22","date_gmt":"2022-11-04T07:11:22","guid":{"rendered":"https:\/\/test.flexado.com\/devis\/"},"modified":"2026-03-25T10:50:48","modified_gmt":"2026-03-25T09:50:48","slug":"devis","status":"publish","type":"page","link":"https:\/\/flexado.com\/be-fr\/devis\/","title":{"rendered":"Devis"},"content":{"rendered":"\n\t\t<div id=\"fws_69d7f1c302fd8\"  data-column-margin=\"default\" data-midnight=\"dark\"  class=\"wpb_row vc_row-fluid vc_row full-width-content vc_row-o-equal-height vc_row-flex vc_row-o-content-top\"  style=\"padding-top: 0px; padding-bottom: 0px; \"><div class=\"row-bg-wrap\" data-bg-animation=\"none\" data-bg-animation-delay=\"\" data-bg-overlay=\"false\"><div class=\"inner-wrap row-bg-layer\" ><div class=\"row-bg viewport-desktop\"  style=\"\"><\/div><\/div><\/div><div class=\"row_col_wrap_12 col span_12 dark left\">\n\t<div  class=\"vc_col-sm-12 wpb_column column_container vc_column_container col no-extra-padding inherit_tablet inherit_phone \"  data-padding-pos=\"all\" data-has-bg-color=\"false\" data-bg-color=\"\" data-bg-opacity=\"1\" data-animation=\"\" data-delay=\"0\" >\n\t\t<div class=\"vc_column-inner\" >\n\t\t\t<div class=\"wpb_wrapper\">\n\t\t\t\t\n\t<div class=\"wpb_raw_code wpb_raw_html wpb_content_element\" >\n\t\t<div class=\"wpb_wrapper\">\n\t\t\t<div class=\"quote-header\">\n<a class=\"no-header-logo\" href=\"https:\/\/flexado.com\/ca-fr\/\"><\/a>\n<a class=\"btn-close-round\" href=\"javascript:window.history.back() ;\" onclick=\"if(history.length === 1) { window.location.href = '\/'; }\"><\/a>\n<\/div>\n\t\t<\/div>\n\t<\/div>\n\n\t\t\t<\/div> \n\t\t<\/div>\n\t<\/div> \n<\/div><\/div>\n\t\t<div id=\"fws_69d7f1c30366d\"  data-br=\"custom\" data-br-applies=\"bg\" data-column-margin=\"default\" data-midnight=\"dark\"  class=\"wpb_row vc_row-fluid vc_row full-width-section vc_row-o-full-height vc_row-o-columns-middle vc_row-o-equal-height vc_row-flex quote-bg-round tl_br_50px tr_br_50px bl_br_50px br_br_50px reverse_columns_column_phone top_padding_tablet_100px top_padding_phone_110px bottom_padding_phone_50px\"  style=\"padding-top: 0px; padding-bottom: 0px; \"><div class=\"row-bg-wrap\" data-bg-animation=\"none\" data-bg-animation-delay=\"\" data-bg-overlay=\"true\"><div class=\"inner-wrap row-bg-layer\" ><div class=\"row-bg viewport-desktop\"  style=\"\"><\/div><\/div><div class=\"row-bg-overlay row-bg-layer\" style=\"background: #edf5f6; background: linear-gradient(135deg,#edf5f6 0%,#f8f4f2 100%);  opacity: 1; \"><\/div><\/div><div class=\"row_col_wrap_12 col span_12 dark left\">\n\t<div  class=\"vc_col-sm-5 row-icon-text wpb_column column_container vc_column_container col no-extra-padding inherit_tablet inherit_phone \"  data-padding-pos=\"all\" data-has-bg-color=\"false\" data-bg-color=\"\" data-bg-opacity=\"1\" data-animation=\"\" data-delay=\"0\" >\n\t\t<div class=\"vc_column-inner\" >\n\t\t\t<div class=\"wpb_wrapper\">\n\t\t\t\t<div id=\"fws_69d7f1c30527b\" data-midnight=\"\" data-column-margin=\"default\" class=\"wpb_row vc_row-fluid vc_row inner_row\"  style=\"\"><div class=\"row-bg-wrap\"> <div class=\"row-bg\" ><\/div> <\/div><div class=\"row_col_wrap_12_inner col span_12  left\">\n\t<div  class=\"vc_col-sm-12 vc_hidden-sm vc_hidden-xs wpb_column column_container vc_column_container col child_column no-extra-padding inherit_tablet inherit_phone \"   data-padding-pos=\"all\" data-has-bg-color=\"false\" data-bg-color=\"\" data-bg-opacity=\"1\" data-animation=\"\" data-delay=\"0\" >\n\t\t<div class=\"vc_column-inner\" >\n\t\t<div class=\"wpb_wrapper\">\n\t\t\t\n<div class=\"wpb_text_column wpb_content_element \" >\n\t<div class=\"wpb_wrapper\">\n\t\t<h2>Demandez facilement un devis!<\/h2>\n\t<\/div>\n<\/div>\n\n\n\n\n\t\t<\/div> \n\t<\/div>\n\t<\/div> \n<\/div><\/div><div class=\"iwithtext\"><div class=\"iwt-icon\"> <img decoding=\"async\" src=\"https:\/\/flexado.com\/wp-content\/uploads\/2025\/03\/Flexado-icn-KVK.svg\" alt=\"\" \/> <\/div><div class=\"iwt-text\"> \n<h6>Adresse d\u2019enregistrement la Chambre de commerce<\/h6>\n<p>Enregistrez votre entreprise dans ce lieu avec un bureau virtuel. <\/div><div class=\"clear\"><\/div><\/div><div class=\"iwithtext\"><div class=\"iwt-icon\"> <img decoding=\"async\" src=\"https:\/\/flexado.com\/wp-content\/uploads\/2025\/03\/Flexado-icn-kalender.svg\" alt=\"\" \/> <\/div><div class=\"iwt-text\"> \n<h6>R\u00e9ponse dans la journ\u00e9e<\/h6>\n<p>Nous veillerons \u00e0 ce que vous receviez une r\u00e9ponse dans les 24 heures afin que vous puissiez passer rapidement \u00e0 autre chose. <\/div><div class=\"clear\"><\/div><\/div><div class=\"iwithtext\"><div class=\"iwt-icon\"> <img decoding=\"async\" src=\"https:\/\/flexado.com\/wp-content\/uploads\/2025\/03\/Flexado-icn-veilig.svg\" alt=\"\" \/> <\/div><div class=\"iwt-text\"> \n<h6>Facile et s\u00fbr en ligne<\/h6>\n<p>Organisez tout facilement gr\u00e2ce \u00e0 une plateforme en ligne s\u00e9curis\u00e9e, sans aucune difficult\u00e9. <\/div><div class=\"clear\"><\/div><\/div><div class=\"iwithtext\"><div class=\"iwt-icon\"> <img decoding=\"async\" src=\"https:\/\/flexado.com\/wp-content\/uploads\/2025\/03\/Flexado-icn-post.svg\" alt=\"\" \/> <\/div><div class=\"iwt-text\"> \n<h6>Traitement du courrier selon les besoins<\/h6>\n<p>D\u00e9cidez de la mani\u00e8re dont vous souhaitez que le courrier soit trait\u00e9. <\/div><div class=\"clear\"><\/div><\/div>\n\t\t\t<\/div> \n\t\t<\/div>\n\t<\/div> \n\n\t<div  class=\"vc_col-sm-1 wpb_column column_container vc_column_container col no-extra-padding inherit_tablet inherit_phone \"  data-padding-pos=\"all\" data-has-bg-color=\"false\" data-bg-color=\"\" data-bg-opacity=\"1\" data-animation=\"\" data-delay=\"0\" >\n\t\t<div class=\"vc_column-inner\" >\n\t\t\t<div class=\"wpb_wrapper\">\n\t\t\t\t\n\t\t\t<\/div> \n\t\t<\/div>\n\t<\/div> \n\n\t<div style=\"\" class=\"vc_col-sm-6 wpb_column column_container vc_column_container col padding-3-percent inherit_tablet inherit_phone tl_br_35px tr_br_35px bl_br_35px br_br_35px \" data-using-bg=\"true\" data-padding-pos=\"all\" data-has-bg-color=\"true\" data-bg-color=\"#ffffff\" data-bg-opacity=\"1\" data-animation=\"\" data-delay=\"0\" >\n\t\t<div class=\"vc_column-inner\" ><div class=\"column-bg-overlay-wrap column-bg-layer\" data-bg-animation=\"none\"><div class=\"column-bg-overlay\" style=\"opacity: 1; background-color: #ffffff;\"><\/div><\/div>\n\t\t\t<div class=\"wpb_wrapper\">\n\t\t\t\t\n\t<div class=\"wpb_raw_code wpb_raw_html wpb_content_element\" >\n\t\t<div class=\"wpb_wrapper\">\n\t\t\t<iframe aria-label=\"Flexado Offerte (NL) New - Test\" frameborder=\"0\" style=\"height:650px;width:99%;border:none;\" src=\"https:\/\/forms.zohopublic.com\/flexado\/form\/FlexadoOfferteENB\/formperma\/ASnEty7t168xjlSKNZ00NazJBVAB-EaYN65a76nanX0?utm_source=Google ads&amp;utm_medium=cpc&amp;utm_campaign=paid_search&amp;utm_term={keyword}&amp;utm_content={creative}\"><\/iframe>\n\t\t<\/div>\n\t<\/div>\n\n\t\t\t<\/div> \n\t\t<\/div>\n\t<\/div> \n<\/div><\/div>\n"},"excerpt":{"rendered":"<p>[vc_row type=\u00a0\u00bbfull_width_content\u00a0\u00bb full_screen_row_position=\u00a0\u00bbmiddle\u00a0\u00bb column_margin=\u00a0\u00bbdefault\u00a0\u00bb column_direction=\u00a0\u00bbdefault\u00a0\u00bb column_direction_tablet=\u00a0\u00bbdefault\u00a0\u00bb column_direction_phone=\u00a0\u00bbdefault\u00a0\u00bb scene_position=\u00a0\u00bbcenter\u00a0\u00bb text_color=\u00a0\u00bbdark\u00a0\u00bb text_align=\u00a0\u00bbleft\u00a0\u00bb row_border_radius=\u00a0\u00bbnone\u00a0\u00bb row_border_radius_applies=\u00a0\u00bbbg\u00a0\u00bb overflow=\u00a0\u00bbvisible\u00a0\u00bb overlay_strength=\u00a0\u00bb0.3&Prime; gradient_direction=\u00a0\u00bbleft_to_right\u00a0\u00bb shape_divider_position=\u00a0\u00bbbottom\u00a0\u00bb bg_image_animation=\u00a0\u00bbnone\u00a0\u00bb gradient_type=\u00a0\u00bbdefault\u00a0\u00bb shape_type=\u00a0\u00bb\u00a0\u00bb][vc_column column_padding=\u00a0\u00bbno-extra-padding\u00a0\u00bb column_padding_tablet=\u00a0\u00bbinherit\u00a0\u00bb column_padding_phone=\u00a0\u00bbinherit\u00a0\u00bb column_padding_position=\u00a0\u00bball\u00a0\u00bb column_element_direction_desktop=\u00a0\u00bbdefault\u00a0\u00bb column_element_spacing=\u00a0\u00bbdefault\u00a0\u00bb desktop_text_alignment=\u00a0\u00bbdefault\u00a0\u00bb tablet_text_alignment=\u00a0\u00bbdefault\u00a0\u00bb phone_text_alignment=\u00a0\u00bbdefault\u00a0\u00bb background_color_opacity=\u00a0\u00bb1&Prime; background_hover_color_opacity=\u00a0\u00bb1&Prime;&#8230;<\/p>\n","protected":false},"author":3,"featured_media":0,"parent":0,"menu_order":0,"comment_status":"closed","ping_status":"closed","template":"template-no-header-footer.php","meta":{"inline_featured_image":false,"footnotes":""},"class_list":["post-23346","page","type-page","status-publish"],"yoast_head":"<!-- This site is optimized with the Yoast SEO plugin v24.2 - https:\/\/yoast.com\/wordpress\/plugins\/seo\/ -->\n<title>Bureau virtuel - Obtenez un devis personnalis\u00e9 - Flexado<\/title>\n<meta name=\"description\" content=\"Pr\u00eat \u00e0 travailler de mani\u00e8re professionnelle et flexible ? Demandez un devis pour votre bureau virtuel d\u00e8s aujourd&#039;hui. Arrangement en 1 jour !\" \/>\n<meta name=\"robots\" content=\"index, follow, max-snippet:-1, max-image-preview:large, max-video-preview:-1\" \/>\n<link rel=\"canonical\" href=\"https:\/\/flexado.com\/be-fr\/devis\/\" \/>\n<meta property=\"og:locale\" content=\"fr_FR\" \/>\n<meta property=\"og:type\" content=\"article\" \/>\n<meta property=\"og:title\" content=\"Bureau virtuel - Obtenez un devis personnalis\u00e9 - Flexado\" \/>\n<meta property=\"og:description\" content=\"Pr\u00eat \u00e0 travailler de mani\u00e8re professionnelle et flexible ? Demandez un devis pour votre bureau virtuel d\u00e8s aujourd&#039;hui. Arrangement en 1 jour !\" \/>\n<meta property=\"og:url\" content=\"https:\/\/flexado.com\/be-fr\/devis\/\" \/>\n<meta property=\"og:site_name\" content=\"Flexado\" \/>\n<meta property=\"article:modified_time\" content=\"2026-03-25T09:50:48+00:00\" \/>\n<meta name=\"twitter:card\" content=\"summary_large_image\" \/>\n<meta name=\"twitter:label1\" content=\"Dur\u00e9e de lecture est.\" \/>\n\t<meta name=\"twitter:data1\" content=\"5 minutes\" \/>\n<script type=\"application\/ld+json\" class=\"yoast-schema-graph\">{\"@context\":\"https:\/\/schema.org\",\"@graph\":[{\"@type\":\"WebPage\",\"@id\":\"https:\/\/flexado.com\/be-fr\/devis\/\",\"url\":\"https:\/\/flexado.com\/be-fr\/devis\/\",\"name\":\"Bureau virtuel - Obtenez un devis personnalis\u00e9 - Flexado\",\"isPartOf\":{\"@id\":\"https:\/\/flexado.com\/de\/#website\"},\"datePublished\":\"2022-11-04T07:11:22+00:00\",\"dateModified\":\"2026-03-25T09:50:48+00:00\",\"description\":\"Pr\u00eat \u00e0 travailler de mani\u00e8re professionnelle et flexible ? Demandez un devis pour votre bureau virtuel d\u00e8s aujourd'hui. Arrangement en 1 jour !\",\"breadcrumb\":{\"@id\":\"https:\/\/flexado.com\/be-fr\/devis\/#breadcrumb\"},\"inLanguage\":\"fr-BE\",\"potentialAction\":[{\"@type\":\"ReadAction\",\"target\":[\"https:\/\/flexado.com\/be-fr\/devis\/\"]}]},{\"@type\":\"BreadcrumbList\",\"@id\":\"https:\/\/flexado.com\/be-fr\/devis\/#breadcrumb\",\"itemListElement\":[{\"@type\":\"ListItem\",\"position\":1,\"name\":\"Home\",\"item\":\"https:\/\/flexado.com\/be-fr\/concept-daccueil\/\"},{\"@type\":\"ListItem\",\"position\":2,\"name\":\"Devis\"}]},{\"@type\":\"WebSite\",\"@id\":\"https:\/\/flexado.com\/de\/#website\",\"url\":\"https:\/\/flexado.com\/de\/\",\"name\":\"Flexado\",\"description\":\"Freedom of Choice. Any Time, Any Place, Anywhere\",\"potentialAction\":[{\"@type\":\"SearchAction\",\"target\":{\"@type\":\"EntryPoint\",\"urlTemplate\":\"https:\/\/flexado.com\/de\/?s={search_term_string}\"},\"query-input\":{\"@type\":\"PropertyValueSpecification\",\"valueRequired\":true,\"valueName\":\"search_term_string\"}}],\"inLanguage\":\"fr-BE\"}]}<\/script>\n<!-- \/ Yoast SEO plugin. -->","yoast_head_json":{"title":"Bureau virtuel - Obtenez un devis personnalis\u00e9 - Flexado","description":"Pr\u00eat \u00e0 travailler de mani\u00e8re professionnelle et flexible ? Demandez un devis pour votre bureau virtuel d\u00e8s aujourd'hui. Arrangement en 1 jour !","robots":{"index":"index","follow":"follow","max-snippet":"max-snippet:-1","max-image-preview":"max-image-preview:large","max-video-preview":"max-video-preview:-1"},"canonical":"https:\/\/flexado.com\/be-fr\/devis\/","og_locale":"fr_FR","og_type":"article","og_title":"Bureau virtuel - Obtenez un devis personnalis\u00e9 - Flexado","og_description":"Pr\u00eat \u00e0 travailler de mani\u00e8re professionnelle et flexible ? Demandez un devis pour votre bureau virtuel d\u00e8s aujourd'hui. Arrangement en 1 jour !","og_url":"https:\/\/flexado.com\/be-fr\/devis\/","og_site_name":"Flexado","article_modified_time":"2026-03-25T09:50:48+00:00","twitter_card":"summary_large_image","twitter_misc":{"Dur\u00e9e de lecture est.":"5 minutes"},"schema":{"@context":"https:\/\/schema.org","@graph":[{"@type":"WebPage","@id":"https:\/\/flexado.com\/be-fr\/devis\/","url":"https:\/\/flexado.com\/be-fr\/devis\/","name":"Bureau virtuel - Obtenez un devis personnalis\u00e9 - Flexado","isPartOf":{"@id":"https:\/\/flexado.com\/de\/#website"},"datePublished":"2022-11-04T07:11:22+00:00","dateModified":"2026-03-25T09:50:48+00:00","description":"Pr\u00eat \u00e0 travailler de mani\u00e8re professionnelle et flexible ? Demandez un devis pour votre bureau virtuel d\u00e8s aujourd'hui. Arrangement en 1 jour !","breadcrumb":{"@id":"https:\/\/flexado.com\/be-fr\/devis\/#breadcrumb"},"inLanguage":"fr-BE","potentialAction":[{"@type":"ReadAction","target":["https:\/\/flexado.com\/be-fr\/devis\/"]}]},{"@type":"BreadcrumbList","@id":"https:\/\/flexado.com\/be-fr\/devis\/#breadcrumb","itemListElement":[{"@type":"ListItem","position":1,"name":"Home","item":"https:\/\/flexado.com\/be-fr\/concept-daccueil\/"},{"@type":"ListItem","position":2,"name":"Devis"}]},{"@type":"WebSite","@id":"https:\/\/flexado.com\/de\/#website","url":"https:\/\/flexado.com\/de\/","name":"Flexado","description":"Freedom of Choice. Any Time, Any Place, Anywhere","potentialAction":[{"@type":"SearchAction","target":{"@type":"EntryPoint","urlTemplate":"https:\/\/flexado.com\/de\/?s={search_term_string}"},"query-input":{"@type":"PropertyValueSpecification","valueRequired":true,"valueName":"search_term_string"}}],"inLanguage":"fr-BE"}]}},"_links":{"self":[{"href":"https:\/\/flexado.com\/be-fr\/wp-json\/wp\/v2\/pages\/23346","targetHints":{"allow":["GET"]}}],"collection":[{"href":"https:\/\/flexado.com\/be-fr\/wp-json\/wp\/v2\/pages"}],"about":[{"href":"https:\/\/flexado.com\/be-fr\/wp-json\/wp\/v2\/types\/page"}],"author":[{"embeddable":true,"href":"https:\/\/flexado.com\/be-fr\/wp-json\/wp\/v2\/users\/3"}],"replies":[{"embeddable":true,"href":"https:\/\/flexado.com\/be-fr\/wp-json\/wp\/v2\/comments?post=23346"}],"version-history":[{"count":66,"href":"https:\/\/flexado.com\/be-fr\/wp-json\/wp\/v2\/pages\/23346\/revisions"}],"predecessor-version":[{"id":81368,"href":"https:\/\/flexado.com\/be-fr\/wp-json\/wp\/v2\/pages\/23346\/revisions\/81368"}],"wp:attachment":[{"href":"https:\/\/flexado.com\/be-fr\/wp-json\/wp\/v2\/media?parent=23346"}],"curies":[{"name":"wp","href":"https:\/\/api.w.org\/{rel}","templated":true}]}}